{"id":209,"date":"2025-02-19T20:57:01","date_gmt":"2025-02-19T17:57:01","guid":{"rendered":"https:\/\/yucelkantgemi.com\/?page_id=209"},"modified":"2025-05-02T17:23:06","modified_gmt":"2025-05-02T14:23:06","slug":"hakkimizda","status":"publish","type":"page","link":"https:\/\/yucelkantgemi.com\/en\/hakkimizda\/","title":{"rendered":"Hakk\u0131m\u0131zda"},"content":{"rendered":"<div data-elementor-type=\"wp-page\" data-elementor-id=\"209\" class=\"elementor elementor-209\">\n\t\t\t\t<div class=\"wd-negative-gap elementor-element elementor-element-2e490dc wd-section-stretch e-flex e-con-boxed e-con e-parent\" data-id=\"2e490dc\" data-element_type=\"container\" data-e-type=\"container\" data-settings=\"{&quot;background_background&quot;:&quot;classic&quot;}\">\n\t\t\t\t\t<div class=\"e-con-inner\">\n\t\t\t\t\t<\/div>\n\t\t\t\t<\/div>\n\t\t<div class=\"wd-negative-gap elementor-element elementor-element-27ecc07 e-flex e-con-boxed e-con e-parent\" data-id=\"27ecc07\" data-element_type=\"container\" data-e-type=\"container\">\n\t\t\t\t\t<div class=\"e-con-inner\">\n\t\t<div class=\"elementor-element elementor-element-8901117 e-con-full e-flex e-con e-child\" data-id=\"8901117\" data-element_type=\"container\" data-e-type=\"container\" data-settings=\"{&quot;background_background&quot;:&quot;classic&quot;}\">\n\t\t<div class=\"elementor-element elementor-element-417825a e-con-full e-flex e-con e-child\" data-id=\"417825a\" data-element_type=\"container\" data-e-type=\"container\">\n\t\t\t\t<div class=\"elementor-element elementor-element-34ee096 wd-el-breadcrumbs text-left elementor-widget elementor-widget-wd_wc_breadcrumb\" data-id=\"34ee096\" data-element_type=\"widget\" data-e-type=\"widget\" data-widget_type=\"wd_wc_breadcrumb.default\">\n\t\t\t\t<div class=\"elementor-widget-container\">\n\t\t\t\t\t<nav class=\"wd-breadcrumbs woocommerce-breadcrumb\" aria-label=\"Breadcrumb\">\t\t\t\t<span class=\"wd-last\">\n\t\t\t\t\tHome\t\t\t\t<\/span>\n\t\t\t<\/nav>\t\t\t\t<\/div>\n\t\t\t\t<\/div>\n\t\t\t\t<div class=\"elementor-element elementor-element-e1d7d91 elementor-widget elementor-widget-wd_text_block\" data-id=\"e1d7d91\" data-element_type=\"widget\" data-e-type=\"widget\" data-widget_type=\"wd_text_block.default\">\n\t\t\t\t<div class=\"elementor-widget-container\">\n\t\t\t\t\t\t\t<div class=\"wd-text-block reset-last-child text-left color-scheme-light\">\n\t\t\t\n\t\t\t<h1>Hakk\u0131m\u0131zda<span style=\"font-size: 14px; color: var(--wd-text-color); text-align: var(--text-align);\"><\/span><\/h1>\n\t\t\t\t\t<\/div>\n\t\t\t\t\t\t<\/div>\n\t\t\t\t<\/div>\n\t\t\t\t<\/div>\n\t\t<div class=\"elementor-element elementor-element-eb9b2ca e-con-full e-flex e-con e-child\" data-id=\"eb9b2ca\" data-element_type=\"container\" data-e-type=\"container\">\n\t\t\t\t<div class=\"elementor-element elementor-element-b91a678 elementor-widget__width-initial elementor-hidden-tablet elementor-hidden-mobile elementor-widget elementor-widget-wd_mega_menu\" data-id=\"b91a678\" data-element_type=\"widget\" data-e-type=\"widget\" data-widget_type=\"wd_mega_menu.default\">\n\t\t\t\t<div class=\"elementor-widget-container\">\n\t\t\t\t\t\t\t<div class=\"wd-menu widget_nav_mega_menu wd-nav-wrapper\">\n\t\t\t\t\t\t<ul id=\"menu-leftsidebar\" class=\"menu wd-nav wd-nav-vertical wd-design-with-bg\"><li id=\"menu-item-373\" class=\"menu-item menu-item-type-post_type menu-item-object-page current_page_parent menu-item-373 item-level-0 menu-simple-dropdown wd-event-hover\" ><a href=\"https:\/\/yucelkantgemi.com\/en\/haberler\/\" class=\"woodmart-nav-link\"><span class=\"nav-link-text\">Haberler<\/span><\/a><\/li>\n<li id=\"menu-item-307\" class=\"menu-item menu-item-type-post_type menu-item-object-page menu-item-307 item-level-0 menu-simple-dropdown wd-event-hover\" ><a href=\"https:\/\/yucelkantgemi.com\/en\/iletisim\/\" class=\"woodmart-nav-link\"><span class=\"nav-link-text\">\u0130leti\u015fim<\/span><\/a><\/li>\n<li id=\"menu-item-309\" class=\"menu-item menu-item-type-post_type menu-item-object-page menu-item-309 item-level-0 menu-simple-dropdown wd-event-hover\" ><a href=\"https:\/\/yucelkantgemi.com\/en\/hakkimizda\/\" class=\"woodmart-nav-link\"><span class=\"nav-link-text\">Hakk\u0131m\u0131zda<\/span><\/a><\/li>\n<li id=\"menu-item-4383\" class=\"menu-item menu-item-type-post_type menu-item-object-page menu-item-4383 item-level-0 menu-simple-dropdown wd-event-hover\" ><a href=\"https:\/\/yucelkantgemi.com\/en\/sertifikalarimiz\/\" class=\"woodmart-nav-link\"><span class=\"nav-link-text\">Sertifikalar\u0131m\u0131z<\/span><\/a><\/li>\n<li id=\"menu-item-372\" class=\"menu-item menu-item-type-post_type menu-item-object-page menu-item-372 item-level-0 menu-simple-dropdown wd-event-hover\" ><a href=\"https:\/\/yucelkantgemi.com\/en\/surdurulebilirlik\/\" class=\"woodmart-nav-link\"><span class=\"nav-link-text\">S\u00fcrd\u00fcr\u00fclebilirlik<\/span><\/a><\/li>\n<li id=\"menu-item-4423\" class=\"menu-item menu-item-type-post_type menu-item-object-page menu-item-4423 item-level-0 menu-simple-dropdown wd-event-hover\" ><a href=\"https:\/\/yucelkantgemi.com\/en\/firma-bilgileri\/\" class=\"woodmart-nav-link\"><span class=\"nav-link-text\">Firma Bilgileri<\/span><\/a><\/li>\n<li id=\"menu-item-4759\" class=\"menu-item menu-item-type-post_type menu-item-object-page menu-item-4759 item-level-0 menu-simple-dropdown wd-event-hover\" ><a href=\"https:\/\/yucelkantgemi.com\/en\/entegre-yonetim-sistemleri-politikamiz\/\" class=\"woodmart-nav-link\"><span class=\"nav-link-text\">Entegre Y\u00f6netim Sistemleri Politikam\u0131z<\/span><\/a><\/li>\n<li id=\"menu-item-427\" class=\"menu-item menu-item-type-post_type menu-item-object-page menu-item-privacy-policy menu-item-427 item-level-0 menu-simple-dropdown wd-event-hover\" ><a href=\"https:\/\/yucelkantgemi.com\/en\/gizlilik-politikasi\/\" class=\"woodmart-nav-link\"><span class=\"nav-link-text\">Gizlilik Politikas\u0131<\/span><\/a><\/li>\n<li id=\"menu-item-428\" class=\"menu-item menu-item-type-post_type menu-item-object-page menu-item-428 item-level-0 menu-simple-dropdown wd-event-hover\" ><a href=\"https:\/\/yucelkantgemi.com\/en\/cerez-politikasi\/\" class=\"woodmart-nav-link\"><span class=\"nav-link-text\">\u00c7erez Politikas\u0131<\/span><\/a><\/li>\n<li id=\"menu-item-429\" class=\"menu-item menu-item-type-post_type menu-item-object-page menu-item-429 item-level-0 menu-simple-dropdown wd-event-hover\" ><a href=\"https:\/\/yucelkantgemi.com\/en\/kullanim-kosullari\/\" class=\"woodmart-nav-link\"><span class=\"nav-link-text\">Kullan\u0131m Ko\u015fullar\u0131<\/span><\/a><\/li>\n<\/ul>\t\t<\/div>\n\t\t\t\t\t\t<\/div>\n\t\t\t\t<\/div>\n\t\t<div class=\"elementor-element elementor-element-10f182f e-con-full e-flex e-con e-child\" data-id=\"10f182f\" data-element_type=\"container\" data-e-type=\"container\" data-settings=\"{&quot;background_background&quot;:&quot;classic&quot;}\">\n\t\t\t\t<div class=\"elementor-element elementor-element-9012910 elementor-widget elementor-widget-wd_text_block\" data-id=\"9012910\" data-element_type=\"widget\" data-e-type=\"widget\" data-widget_type=\"wd_text_block.default\">\n\t\t\t\t<div class=\"elementor-widget-container\">\n\t\t\t\t\t\t\t<div class=\"wd-text-block reset-last-child text-left\">\n\t\t\t\n\t\t\t<h5 data-start=\"0\" data-end=\"325\"><strong data-start=\"0\" data-end=\"10\">Vizyon<\/strong><\/h5><p data-start=\"0\" data-end=\"325\">Y\u00fccel Kant Gemi olarak, 50 y\u0131l\u0131 a\u015fk\u0131n tecr\u00fcbemizle metal ve gemi sanayisinde \u00f6nc\u00fc, yenilik\u00e7i ve global \u00f6l\u00e7ekte tan\u0131nan bir lider olmay\u0131 hedeflemekteyiz. Gelece\u011fe y\u00f6nelik stratejik ad\u0131mlar\u0131m\u0131z ve teknoloji odakl\u0131 yakla\u015f\u0131mlar\u0131m\u0131zla, uluslararas\u0131 standartlarda hizmet sunarak sekt\u00f6rde fark yaratmay\u0131 ama\u00e7lamaktay\u0131z.<\/p><h5 data-start=\"327\" data-end=\"645\"><strong data-start=\"327\" data-end=\"337\">Misyon<\/strong><\/h5><p data-start=\"327\" data-end=\"645\">M\u00fc\u015fteri memnuniyetini en \u00fcst d\u00fczeyde sa\u011flamak amac\u0131yla, y\u00fcksek kaliteli, h\u0131zl\u0131 ve hassas hizmetler sunmay\u0131 misyon edindik. Ar-Ge ve s\u00fcrekli iyile\u015ftirme s\u00fcre\u00e7lerimizle, i\u015f ortaklar\u0131m\u0131z\u0131n beklentilerini a\u015farak metal ve gemi sanayisine yenilik\u00e7i \u00e7\u00f6z\u00fcmler kazand\u0131r\u0131yor, s\u00fcrd\u00fcr\u00fclebilir ba\u015far\u0131lar\u0131 hedefliyoruz.<\/p><h5 data-start=\"647\" data-end=\"665\"><strong data-start=\"647\" data-end=\"663\">De\u011ferlerimiz<\/strong><\/h5><ul data-start=\"666\" data-end=\"1336\" data-is-last-node=\"\"><li data-start=\"666\" data-end=\"790\"><strong data-start=\"668\" data-end=\"690\">M\u00fc\u015fteri Odakl\u0131l\u0131k:<\/strong> M\u00fc\u015fterilerimizin ihtiya\u00e7lar\u0131n\u0131 titizlikle analiz ederek, \u00e7\u00f6z\u00fcm odakl\u0131 yakla\u015f\u0131mlar geli\u015ftiriyoruz.<\/li><li data-start=\"791\" data-end=\"914\"><strong data-start=\"793\" data-end=\"813\">Kalite ve G\u00fcven:<\/strong> \u0130\u015f s\u00fcre\u00e7lerimizde uluslararas\u0131 standartlar\u0131 ve \u015feffafl\u0131\u011f\u0131 esas alarak, g\u00fcvenilir hizmet sunuyoruz.<\/li><li data-start=\"915\" data-end=\"1034\"><strong data-start=\"917\" data-end=\"934\">Yenilik\u00e7ilik:<\/strong> Teknolojik geli\u015fmeleri ve Ar-Ge \u00e7al\u0131\u015fmalar\u0131n\u0131 s\u00fcrekli takip ederek, inovatif \u00e7\u00f6z\u00fcmler \u00fcretiyoruz.<\/li><li data-start=\"1035\" data-end=\"1182\"><strong data-start=\"1037\" data-end=\"1059\">S\u00fcrd\u00fcr\u00fclebilirlik:<\/strong> \u00c7evresel ve toplumsal sorumluluklar\u0131m\u0131z\u0131 g\u00f6zeterek, uzun vadeli stratejilerle faaliyetlerimizi s\u00fcrd\u00fcr\u00fclebilir k\u0131l\u0131yoruz.<\/li><li data-start=\"1183\" data-end=\"1336\" data-is-last-node=\"\"><strong data-start=\"1185\" data-end=\"1213\">Tak\u0131m Ruhu ve \u0130\u015fbirli\u011fi:<\/strong> \u00c7al\u0131\u015fanlar\u0131m\u0131z ve i\u015f ortaklar\u0131m\u0131z aras\u0131nda g\u00fc\u00e7l\u00fc ileti\u015fim ve i\u015fbirli\u011fi k\u00fclt\u00fcr\u00fc olu\u015fturarak, ortak ba\u015far\u0131lar elde ediyoruz.<\/li><\/ul>\n\t\t\t\t\t<\/div>\n\t\t\t\t\t\t<\/div>\n\t\t\t\t<\/div>\n\t\t\t\t<\/div>\n\t\t\t\t<\/div>\n\t\t\t\t<\/div>\n\t\t\t\t\t<\/div>\n\t\t\t\t<\/div>\n\t\t\t\t<\/div>","protected":false},"excerpt":{"rendered":"<p>Home Hakk\u0131m\u0131zda Haberler \u0130leti\u015fim Hakk\u0131m\u0131zda Sertifikalar\u0131m\u0131z S\u00fcrd\u00fcr\u00fclebilirlik Firma Bilgileri Gizlilik Politikas\u0131 \u00c7erez Politikas\u0131 Kullan\u0131m Ko\u015fullar\u0131 Vizyon Y\u00fccel Kant Gemi olarak,<\/p>","protected":false},"author":1,"featured_media":0,"parent":0,"menu_order":0,"comment_status":"closed","ping_status":"closed","template":"","meta":{"footnotes":""},"class_list":["post-209","page","type-page","status-publish","hentry"],"_links":{"self":[{"href":"https:\/\/yucelkantgemi.com\/en\/wp-json\/wp\/v2\/pages\/209","targetHints":{"allow":["GET"]}}],"collection":[{"href":"https:\/\/yucelkantgemi.com\/en\/wp-json\/wp\/v2\/pages"}],"about":[{"href":"https:\/\/yucelkantgemi.com\/en\/wp-json\/wp\/v2\/types\/page"}],"author":[{"embeddable":true,"href":"https:\/\/yucelkantgemi.com\/en\/wp-json\/wp\/v2\/users\/1"}],"replies":[{"embeddable":true,"href":"https:\/\/yucelkantgemi.com\/en\/wp-json\/wp\/v2\/comments?post=209"}],"version-history":[{"count":125,"href":"https:\/\/yucelkantgemi.com\/en\/wp-json\/wp\/v2\/pages\/209\/revisions"}],"predecessor-version":[{"id":4557,"href":"https:\/\/yucelkantgemi.com\/en\/wp-json\/wp\/v2\/pages\/209\/revisions\/4557"}],"wp:attachment":[{"href":"https:\/\/yucelkantgemi.com\/en\/wp-json\/wp\/v2\/media?parent=209"}],"curies":[{"name":"wp","href":"https:\/\/api.w.org\/{rel}","templated":true}]}}