{"id":4754,"date":"2025-09-30T18:30:59","date_gmt":"2025-09-30T15:30:59","guid":{"rendered":"https:\/\/yucelkantgemi.com\/?page_id=4754"},"modified":"2025-11-27T12:10:31","modified_gmt":"2025-11-27T09:10:31","slug":"entegre-yonetim-sistemleri-politikamiz","status":"publish","type":"page","link":"https:\/\/yucelkantgemi.com\/en\/entegre-yonetim-sistemleri-politikamiz\/","title":{"rendered":"Entegre Y\u00f6netim Sistemleri Politikam\u0131z"},"content":{"rendered":"<div data-elementor-type=\"wp-page\" data-elementor-id=\"4754\" class=\"elementor elementor-4754\">\n\t\t\t\t<div class=\"wd-negative-gap elementor-element elementor-element-f4c88bc wd-section-stretch e-flex e-con-boxed e-con e-parent\" data-id=\"f4c88bc\" data-element_type=\"container\" data-e-type=\"container\" data-settings=\"{&quot;background_background&quot;:&quot;classic&quot;}\">\n\t\t\t\t\t<div class=\"e-con-inner\">\n\t\t\t\t\t<\/div>\n\t\t\t\t<\/div>\n\t\t<div class=\"wd-negative-gap elementor-element elementor-element-ee537b9 e-flex e-con-boxed e-con e-parent\" data-id=\"ee537b9\" data-element_type=\"container\" data-e-type=\"container\">\n\t\t\t\t\t<div class=\"e-con-inner\">\n\t\t<div class=\"elementor-element elementor-element-2650c83 e-con-full e-flex e-con e-child\" data-id=\"2650c83\" data-element_type=\"container\" data-e-type=\"container\" data-settings=\"{&quot;background_background&quot;:&quot;classic&quot;}\">\n\t\t<div class=\"elementor-element elementor-element-6d046b4 e-con-full e-flex e-con e-child\" data-id=\"6d046b4\" data-element_type=\"container\" data-e-type=\"container\">\n\t\t\t\t<div class=\"elementor-element elementor-element-df0c232 wd-el-breadcrumbs text-left elementor-widget elementor-widget-wd_wc_breadcrumb\" data-id=\"df0c232\" data-element_type=\"widget\" data-e-type=\"widget\" data-widget_type=\"wd_wc_breadcrumb.default\">\n\t\t\t\t<div class=\"elementor-widget-container\">\n\t\t\t\t\t<nav class=\"wd-breadcrumbs woocommerce-breadcrumb\" aria-label=\"Breadcrumb\">\t\t\t\t<span class=\"wd-last\">\n\t\t\t\t\tHome\t\t\t\t<\/span>\n\t\t\t<\/nav>\t\t\t\t<\/div>\n\t\t\t\t<\/div>\n\t\t\t\t<div class=\"elementor-element elementor-element-803fd86 elementor-widget elementor-widget-wd_text_block\" data-id=\"803fd86\" data-element_type=\"widget\" data-e-type=\"widget\" data-widget_type=\"wd_text_block.default\">\n\t\t\t\t<div class=\"elementor-widget-container\">\n\t\t\t\t\t\t\t<div class=\"wd-text-block reset-last-child text-left color-scheme-light\">\n\t\t\t\n\t\t\t<h1>Entegre Y\u00f6netim Sistemleri Politikas\u0131<\/h1>\n\t\t\t\t\t<\/div>\n\t\t\t\t\t\t<\/div>\n\t\t\t\t<\/div>\n\t\t\t\t<\/div>\n\t\t<div class=\"elementor-element elementor-element-6b1b7e6 e-con-full e-flex e-con e-child\" data-id=\"6b1b7e6\" data-element_type=\"container\" data-e-type=\"container\">\n\t\t\t\t<div class=\"elementor-element elementor-element-89ea7ec elementor-widget__width-initial elementor-hidden-tablet elementor-hidden-mobile elementor-widget elementor-widget-wd_mega_menu\" data-id=\"89ea7ec\" data-element_type=\"widget\" data-e-type=\"widget\" data-widget_type=\"wd_mega_menu.default\">\n\t\t\t\t<div class=\"elementor-widget-container\">\n\t\t\t\t\t\t\t<div class=\"wd-menu widget_nav_mega_menu wd-nav-wrapper\">\n\t\t\t\t\t\t<ul id=\"menu-leftsidebar\" class=\"menu wd-nav wd-nav-vertical wd-design-with-bg\"><li id=\"menu-item-373\" class=\"menu-item menu-item-type-post_type menu-item-object-page current_page_parent menu-item-373 item-level-0 menu-simple-dropdown wd-event-hover\" ><a href=\"https:\/\/yucelkantgemi.com\/en\/haberler\/\" class=\"woodmart-nav-link\"><span class=\"nav-link-text\">Haberler<\/span><\/a><\/li>\n<li id=\"menu-item-307\" class=\"menu-item menu-item-type-post_type menu-item-object-page menu-item-307 item-level-0 menu-simple-dropdown wd-event-hover\" ><a href=\"https:\/\/yucelkantgemi.com\/en\/iletisim\/\" class=\"woodmart-nav-link\"><span class=\"nav-link-text\">\u0130leti\u015fim<\/span><\/a><\/li>\n<li id=\"menu-item-309\" class=\"menu-item menu-item-type-post_type menu-item-object-page menu-item-309 item-level-0 menu-simple-dropdown wd-event-hover\" ><a href=\"https:\/\/yucelkantgemi.com\/en\/hakkimizda\/\" class=\"woodmart-nav-link\"><span class=\"nav-link-text\">Hakk\u0131m\u0131zda<\/span><\/a><\/li>\n<li id=\"menu-item-4383\" class=\"menu-item menu-item-type-post_type menu-item-object-page menu-item-4383 item-level-0 menu-simple-dropdown wd-event-hover\" ><a href=\"https:\/\/yucelkantgemi.com\/en\/sertifikalarimiz\/\" class=\"woodmart-nav-link\"><span class=\"nav-link-text\">Sertifikalar\u0131m\u0131z<\/span><\/a><\/li>\n<li id=\"menu-item-372\" class=\"menu-item menu-item-type-post_type menu-item-object-page menu-item-372 item-level-0 menu-simple-dropdown wd-event-hover\" ><a href=\"https:\/\/yucelkantgemi.com\/en\/surdurulebilirlik\/\" class=\"woodmart-nav-link\"><span class=\"nav-link-text\">S\u00fcrd\u00fcr\u00fclebilirlik<\/span><\/a><\/li>\n<li id=\"menu-item-4423\" class=\"menu-item menu-item-type-post_type menu-item-object-page menu-item-4423 item-level-0 menu-simple-dropdown wd-event-hover\" ><a href=\"https:\/\/yucelkantgemi.com\/en\/firma-bilgileri\/\" class=\"woodmart-nav-link\"><span class=\"nav-link-text\">Firma Bilgileri<\/span><\/a><\/li>\n<li id=\"menu-item-4759\" class=\"menu-item menu-item-type-post_type menu-item-object-page menu-item-4759 item-level-0 menu-simple-dropdown wd-event-hover\" ><a href=\"https:\/\/yucelkantgemi.com\/en\/entegre-yonetim-sistemleri-politikamiz\/\" class=\"woodmart-nav-link\"><span class=\"nav-link-text\">Entegre Y\u00f6netim Sistemleri Politikam\u0131z<\/span><\/a><\/li>\n<li id=\"menu-item-427\" class=\"menu-item menu-item-type-post_type menu-item-object-page menu-item-privacy-policy menu-item-427 item-level-0 menu-simple-dropdown wd-event-hover\" ><a href=\"https:\/\/yucelkantgemi.com\/en\/gizlilik-politikasi\/\" class=\"woodmart-nav-link\"><span class=\"nav-link-text\">Gizlilik Politikas\u0131<\/span><\/a><\/li>\n<li id=\"menu-item-428\" class=\"menu-item menu-item-type-post_type menu-item-object-page menu-item-428 item-level-0 menu-simple-dropdown wd-event-hover\" ><a href=\"https:\/\/yucelkantgemi.com\/en\/cerez-politikasi\/\" class=\"woodmart-nav-link\"><span class=\"nav-link-text\">\u00c7erez Politikas\u0131<\/span><\/a><\/li>\n<li id=\"menu-item-429\" class=\"menu-item menu-item-type-post_type menu-item-object-page menu-item-429 item-level-0 menu-simple-dropdown wd-event-hover\" ><a href=\"https:\/\/yucelkantgemi.com\/en\/kullanim-kosullari\/\" class=\"woodmart-nav-link\"><span class=\"nav-link-text\">Kullan\u0131m Ko\u015fullar\u0131<\/span><\/a><\/li>\n<\/ul>\t\t<\/div>\n\t\t\t\t\t\t<\/div>\n\t\t\t\t<\/div>\n\t\t<div class=\"elementor-element elementor-element-fad1843 e-con-full e-flex e-con e-child\" data-id=\"fad1843\" data-element_type=\"container\" data-e-type=\"container\" data-settings=\"{&quot;background_background&quot;:&quot;classic&quot;}\">\n\t\t\t\t<div class=\"elementor-element elementor-element-0975bef elementor-widget elementor-widget-wd_text_block\" data-id=\"0975bef\" data-element_type=\"widget\" data-e-type=\"widget\" data-widget_type=\"wd_text_block.default\">\n\t\t\t\t<div class=\"elementor-widget-container\">\n\t\t\t\t\t\t\t<div class=\"wd-text-block reset-last-child text-left\">\n\t\t\t\n\t\t\t<p class=\"cvGsUA direction-ltr align-justify para-style-body\"><span class=\"a_GcMg font-feature-liga-off font-feature-clig-off font-feature-calt-off text-decoration-none text-strikethrough-none\">Y\u00fccel Kant Gemi Onar\u0131m \u0130n\u015faa Sanayi ve Ticaret Ltd. \u015eti. is committed to delivering reliable, high-quality, and sustainable services by integrating advanced technology, modern engineering solutions, and an expert team throughout its manufacturing and assembly processes.<\/span><\/p><p class=\"cvGsUA direction-ltr align-justify para-style-body\"><span class=\"a_GcMg font-feature-liga-off font-feature-clig-off font-feature-calt-off text-decoration-none text-strikethrough-none\">Our quality approach is founded on increasing customer satisfaction, achieving a zero-defect target, optimizing delivery times, and continuously reducing complaint rates. In line with this, we establish measurable objectives each year, regularly monitor our performance, and base our operations on continuous improvement.<\/span><\/p><p class=\"cvGsUA direction-ltr align-justify para-style-body\"><span class=\"a_GcMg font-feature-liga-off font-feature-clig-off font-feature-calt-off text-decoration-none text-strikethrough-none\">Our employees actively assume responsibility within their areas to ensure the effectiveness of the quality management system. With training and competence development programs, our teams operate with a strong spirit of collaboration. Thus, our quality policy becomes an integral part of our daily operations.<\/span><\/p><p class=\"cvGsUA direction-ltr align-justify para-style-body\"><span class=\"a_GcMg font-feature-liga-off font-feature-clig-off font-feature-calt-off text-decoration-none text-strikethrough-none\">By taking into account the expectations of all stakeholders \u2014 our customers, suppliers, employees, and relevant parties \u2014 we build long-term relationships based on trust and cooperation. In doing so, we embrace a transparent, efficient, and value-adding management approach in all processes.<\/span><\/p><p class=\"cvGsUA direction-ltr align-justify para-style-body\"><span class=\"a_GcMg font-feature-liga-off font-feature-clig-off font-feature-calt-off text-decoration-none text-strikethrough-none\">Our quality policy extends not only to ISO 9001 standards but also to ISO 14001, encompassing the reduction of environmental impacts, prevention of pollution, and protection of the environment; and ISO 45001, ensuring healthy and safe working conditions, and the prevention of injuries and health losses.<\/span><\/p><p class=\"cvGsUA direction-ltr align-justify para-style-body\"><span class=\"a_GcMg font-feature-liga-off font-feature-clig-off font-feature-calt-off text-decoration-none text-strikethrough-none\">In line with legal and other obligations, our priorities include reducing occupational health and safety risks, managing environmental impacts, addressing climate change, and creating environments that encourage active employee participation.<\/span><\/p><p class=\"cvGsUA direction-ltr align-justify para-style-body\"><span class=\"a_GcMg font-feature-liga-off font-feature-clig-off font-feature-calt-off text-decoration-none text-strikethrough-none\">We adopt a process-oriented approach in all our activities and apply the Plan\u2013Do\u2013Check\u2013Act (PDCA) cycle. Through data-driven decision-making, we evaluate risks in advance and systematically implement improvement opportunities.<\/span><\/p><p class=\"cvGsUA direction-ltr align-justify para-style-body\"><span class=\"a_GcMg font-feature-liga-off font-feature-clig-off font-feature-calt-off text-decoration-none text-strikethrough-none\">Guided by the vision of \u201cExcellence,\u201d our course is set toward sustainable success through continuous development, collaboration, and responsible growth.<\/span><\/p>\n\t\t\t\t\t<\/div>\n\t\t\t\t\t\t<\/div>\n\t\t\t\t<\/div>\n\t\t\t\t<\/div>\n\t\t\t\t<\/div>\n\t\t\t\t<\/div>\n\t\t\t\t\t<\/div>\n\t\t\t\t<\/div>\n\t\t\t\t<\/div>","protected":false},"excerpt":{"rendered":"<p>Home Entegre Y\u00f6netim Sistemleri Politikas\u0131 Haberler \u0130leti\u015fim Hakk\u0131m\u0131zda Sertifikalar\u0131m\u0131z S\u00fcrd\u00fcr\u00fclebilirlik Firma Bilgileri Entegre Y\u00f6netim Sistemleri Politikam\u0131z Gizlilik Politikas\u0131 \u00c7erez Politikas\u0131<\/p>","protected":false},"author":1,"featured_media":0,"parent":0,"menu_order":0,"comment_status":"closed","ping_status":"closed","template":"","meta":{"footnotes":""},"class_list":["post-4754","page","type-page","status-publish","hentry"],"_links":{"self":[{"href":"https:\/\/yucelkantgemi.com\/en\/wp-json\/wp\/v2\/pages\/4754","targetHints":{"allow":["GET"]}}],"collection":[{"href":"https:\/\/yucelkantgemi.com\/en\/wp-json\/wp\/v2\/pages"}],"about":[{"href":"https:\/\/yucelkantgemi.com\/en\/wp-json\/wp\/v2\/types\/page"}],"author":[{"embeddable":true,"href":"https:\/\/yucelkantgemi.com\/en\/wp-json\/wp\/v2\/users\/1"}],"replies":[{"embeddable":true,"href":"https:\/\/yucelkantgemi.com\/en\/wp-json\/wp\/v2\/comments?post=4754"}],"version-history":[{"count":11,"href":"https:\/\/yucelkantgemi.com\/en\/wp-json\/wp\/v2\/pages\/4754\/revisions"}],"predecessor-version":[{"id":4779,"href":"https:\/\/yucelkantgemi.com\/en\/wp-json\/wp\/v2\/pages\/4754\/revisions\/4779"}],"wp:attachment":[{"href":"https:\/\/yucelkantgemi.com\/en\/wp-json\/wp\/v2\/media?parent=4754"}],"curies":[{"name":"wp","href":"https:\/\/api.w.org\/{rel}","templated":true}]}}