{"id":4357,"date":"2025-05-01T13:43:12","date_gmt":"2025-05-01T10:43:12","guid":{"rendered":"https:\/\/yucelkantgemi.com\/?page_id=4357"},"modified":"2025-05-02T17:32:03","modified_gmt":"2025-05-02T14:32:03","slug":"sertifikalarimiz","status":"publish","type":"page","link":"https:\/\/yucelkantgemi.com\/tr\/sertifikalarimiz\/","title":{"rendered":"Sertifikalar\u0131m\u0131z"},"content":{"rendered":"\t\t<div data-elementor-type=\"wp-page\" data-elementor-id=\"4357\" class=\"elementor elementor-4357\">\n\t\t\t\t<div class=\"wd-negative-gap elementor-element elementor-element-4b6cf42 wd-section-stretch e-flex e-con-boxed e-con e-parent\" data-id=\"4b6cf42\" data-element_type=\"container\" data-e-type=\"container\" data-settings=\"{&quot;background_background&quot;:&quot;classic&quot;}\">\n\t\t\t\t\t<div class=\"e-con-inner\">\n\t\t\t\t\t<\/div>\n\t\t\t\t<\/div>\n\t\t<div class=\"wd-negative-gap elementor-element elementor-element-86f1014 e-flex e-con-boxed e-con e-parent\" data-id=\"86f1014\" data-element_type=\"container\" data-e-type=\"container\">\n\t\t\t\t\t<div class=\"e-con-inner\">\n\t\t<div class=\"elementor-element elementor-element-d4f3827 e-con-full e-flex e-con e-child\" data-id=\"d4f3827\" data-element_type=\"container\" data-e-type=\"container\" data-settings=\"{&quot;background_background&quot;:&quot;classic&quot;}\">\n\t\t<div class=\"elementor-element elementor-element-4929883 e-con-full e-flex e-con e-child\" data-id=\"4929883\" data-element_type=\"container\" data-e-type=\"container\">\n\t\t\t\t<div class=\"elementor-element elementor-element-bb2a3e4 wd-nowrap-md wd-el-breadcrumbs text-left elementor-widget elementor-widget-wd_wc_breadcrumb\" data-id=\"bb2a3e4\" data-element_type=\"widget\" data-e-type=\"widget\" data-widget_type=\"wd_wc_breadcrumb.default\">\n\t\t\t\t<div class=\"elementor-widget-container\">\n\t\t\t\t\t<nav class=\"wd-breadcrumbs woocommerce-breadcrumb\" aria-label=\"Breadcrumb\">\t\t\t\t<span class=\"wd-last\">\n\t\t\t\t\tAna Sayfa\t\t\t\t<\/span>\n\t\t\t<\/nav>\t\t\t\t<\/div>\n\t\t\t\t<\/div>\n\t\t\t\t<div class=\"elementor-element elementor-element-4a40457 elementor-widget elementor-widget-wd_text_block\" data-id=\"4a40457\" data-element_type=\"widget\" data-e-type=\"widget\" data-widget_type=\"wd_text_block.default\">\n\t\t\t\t<div class=\"elementor-widget-container\">\n\t\t\t\t\t\t\t<div class=\"wd-text-block reset-last-child text-left color-scheme-light\">\n\t\t\t\n\t\t\t<h1>Hakk\u0131m\u0131zda<span style=\"font-size: 14px; color: var(--wd-text-color); text-align: var(--text-align);\"><\/span><\/h1>\n\t\t\t\t\t<\/div>\n\t\t\t\t\t\t<\/div>\n\t\t\t\t<\/div>\n\t\t\t\t<\/div>\n\t\t<div class=\"elementor-element elementor-element-5cf29d5 e-con-full e-flex e-con e-child\" data-id=\"5cf29d5\" data-element_type=\"container\" data-e-type=\"container\">\n\t\t\t\t<div class=\"elementor-element elementor-element-bf7a0d5 elementor-widget__width-initial elementor-hidden-tablet elementor-hidden-mobile elementor-widget elementor-widget-wd_mega_menu\" data-id=\"bf7a0d5\" data-element_type=\"widget\" data-e-type=\"widget\" data-widget_type=\"wd_mega_menu.default\">\n\t\t\t\t<div class=\"elementor-widget-container\">\n\t\t\t\t\t\t\t<div class=\"wd-menu widget_nav_mega_menu wd-nav-wrapper\">\n\t\t\t\t\t\t<ul id=\"menu-leftsidebar\" class=\"menu wd-nav wd-nav-vertical wd-design-with-bg\"><li id=\"menu-item-373\" class=\"menu-item menu-item-type-post_type menu-item-object-page current_page_parent menu-item-373 item-level-0 menu-simple-dropdown wd-event-hover\" ><a href=\"https:\/\/yucelkantgemi.com\/tr\/haberler\/\" class=\"woodmart-nav-link\"><span class=\"nav-link-text\">Haberler<\/span><\/a><\/li>\n<li id=\"menu-item-307\" class=\"menu-item menu-item-type-post_type menu-item-object-page menu-item-307 item-level-0 menu-simple-dropdown wd-event-hover\" ><a href=\"https:\/\/yucelkantgemi.com\/tr\/iletisim\/\" class=\"woodmart-nav-link\"><span class=\"nav-link-text\">\u0130leti\u015fim<\/span><\/a><\/li>\n<li id=\"menu-item-309\" class=\"menu-item menu-item-type-post_type menu-item-object-page menu-item-309 item-level-0 menu-simple-dropdown wd-event-hover\" ><a href=\"https:\/\/yucelkantgemi.com\/tr\/hakkimizda\/\" class=\"woodmart-nav-link\"><span class=\"nav-link-text\">Hakk\u0131m\u0131zda<\/span><\/a><\/li>\n<li id=\"menu-item-4383\" class=\"menu-item menu-item-type-post_type menu-item-object-page menu-item-4383 item-level-0 menu-simple-dropdown wd-event-hover\" ><a href=\"https:\/\/yucelkantgemi.com\/tr\/sertifikalarimiz\/\" class=\"woodmart-nav-link\"><span class=\"nav-link-text\">Sertifikalar\u0131m\u0131z<\/span><\/a><\/li>\n<li id=\"menu-item-372\" class=\"menu-item menu-item-type-post_type menu-item-object-page menu-item-372 item-level-0 menu-simple-dropdown wd-event-hover\" ><a href=\"https:\/\/yucelkantgemi.com\/tr\/surdurulebilirlik\/\" class=\"woodmart-nav-link\"><span class=\"nav-link-text\">S\u00fcrd\u00fcr\u00fclebilirlik<\/span><\/a><\/li>\n<li id=\"menu-item-4423\" class=\"menu-item menu-item-type-post_type menu-item-object-page menu-item-4423 item-level-0 menu-simple-dropdown wd-event-hover\" ><a href=\"https:\/\/yucelkantgemi.com\/tr\/firma-bilgileri\/\" class=\"woodmart-nav-link\"><span class=\"nav-link-text\">Firma Bilgileri<\/span><\/a><\/li>\n<li id=\"menu-item-4759\" class=\"menu-item menu-item-type-post_type menu-item-object-page menu-item-4759 item-level-0 menu-simple-dropdown wd-event-hover\" ><a href=\"https:\/\/yucelkantgemi.com\/tr\/entegre-yonetim-sistemleri-politikamiz\/\" class=\"woodmart-nav-link\"><span class=\"nav-link-text\">Entegre Y\u00f6netim Sistemleri Politikam\u0131z<\/span><\/a><\/li>\n<li id=\"menu-item-427\" class=\"menu-item menu-item-type-post_type menu-item-object-page menu-item-privacy-policy menu-item-427 item-level-0 menu-simple-dropdown wd-event-hover\" ><a href=\"https:\/\/yucelkantgemi.com\/tr\/gizlilik-politikasi\/\" class=\"woodmart-nav-link\"><span class=\"nav-link-text\">Gizlilik Politikas\u0131<\/span><\/a><\/li>\n<li id=\"menu-item-428\" class=\"menu-item menu-item-type-post_type menu-item-object-page menu-item-428 item-level-0 menu-simple-dropdown wd-event-hover\" ><a href=\"https:\/\/yucelkantgemi.com\/tr\/cerez-politikasi\/\" class=\"woodmart-nav-link\"><span class=\"nav-link-text\">\u00c7erez Politikas\u0131<\/span><\/a><\/li>\n<li id=\"menu-item-429\" class=\"menu-item menu-item-type-post_type menu-item-object-page menu-item-429 item-level-0 menu-simple-dropdown wd-event-hover\" ><a href=\"https:\/\/yucelkantgemi.com\/tr\/kullanim-kosullari\/\" class=\"woodmart-nav-link\"><span class=\"nav-link-text\">Kullan\u0131m Ko\u015fullar\u0131<\/span><\/a><\/li>\n<\/ul>\t\t<\/div>\n\t\t\t\t\t\t<\/div>\n\t\t\t\t<\/div>\n\t\t<div class=\"elementor-element elementor-element-85d82ec e-con-full e-flex e-con e-child\" data-id=\"85d82ec\" data-element_type=\"container\" data-e-type=\"container\" data-settings=\"{&quot;background_background&quot;:&quot;classic&quot;}\">\n\t\t\t\t<div class=\"elementor-element elementor-element-15b728a wd-width-100 elementor-widget elementor-widget-wd_images_gallery\" data-id=\"15b728a\" data-element_type=\"widget\" data-e-type=\"widget\" data-widget_type=\"wd_images_gallery.default\">\n\t\t\t\t<div class=\"elementor-widget-container\">\n\t\t\t\t\t\t\t<div class=\"wd-images-gallery photoswipe-images\" style=\"--wd-align-items:center; --wd-justify-content:center;\">\n\t\t\t\t\t\t<div class=\"wd-grid-g\" style=\"--wd-col-lg:3;--wd-col-md:3;--wd-col-sm:2;--wd-gap-lg:20px;--wd-gap-sm:20px;\" >\n\t\t\t\t\t\t\t\t\t\t\t\t\t\t\t\t\t\t<div class=\"wd-gallery-item wd-col\">\n\t\t\t\t\t\t\t\t\t\t\t\t\t<a  href=\"https:\/\/yucelkantgemi.com\/wp-content\/uploads\/2025\/05\/Yucel-Kant-Gemi-ISO-45001-2018-scaled.avif\" data-width=\"1812\" data-height=\"2560\" data-index=\"1\" data-elementor-open-lightbox=\"no\">\n\t\t\t\t\t\t\n\t\t\t\t\t\t<img loading=\"lazy\" decoding=\"async\" width=\"1812\" height=\"2560\" src=\"https:\/\/yucelkantgemi.com\/wp-content\/uploads\/2025\/05\/Yucel-Kant-Gemi-ISO-45001-2018-scaled.avif\" class=\"attachment-full size-full\" alt=\"Y\u00fccel Kant Gemi ISO 45001-2018\" srcset=\"https:\/\/yucelkantgemi.com\/wp-content\/uploads\/2025\/05\/Yucel-Kant-Gemi-ISO-45001-2018-scaled.avif 1812w, https:\/\/yucelkantgemi.com\/wp-content\/uploads\/2025\/05\/Yucel-Kant-Gemi-ISO-45001-2018-212x300.avif 212w, https:\/\/yucelkantgemi.com\/wp-content\/uploads\/2025\/05\/Yucel-Kant-Gemi-ISO-45001-2018-725x1024.avif 725w, https:\/\/yucelkantgemi.com\/wp-content\/uploads\/2025\/05\/Yucel-Kant-Gemi-ISO-45001-2018-768x1085.avif 768w, https:\/\/yucelkantgemi.com\/wp-content\/uploads\/2025\/05\/Yucel-Kant-Gemi-ISO-45001-2018-1087x1536.avif 1087w, https:\/\/yucelkantgemi.com\/wp-content\/uploads\/2025\/05\/Yucel-Kant-Gemi-ISO-45001-2018-1449x2048.avif 1449w, https:\/\/yucelkantgemi.com\/wp-content\/uploads\/2025\/05\/Yucel-Kant-Gemi-ISO-45001-2018-8x12.avif 8w, https:\/\/yucelkantgemi.com\/wp-content\/uploads\/2025\/05\/Yucel-Kant-Gemi-ISO-45001-2018-300x424.avif 300w, https:\/\/yucelkantgemi.com\/wp-content\/uploads\/2025\/05\/Yucel-Kant-Gemi-ISO-45001-2018-800x1130.avif 800w, https:\/\/yucelkantgemi.com\/wp-content\/uploads\/2025\/05\/Yucel-Kant-Gemi-ISO-45001-2018-150x212.avif 150w\" sizes=\"auto, (max-width: 1812px) 100vw, 1812px\" title=\"| G\u00f6rsel\">\n\t\t\t\t\t\t\t\t\t\t\t\t\t<\/a>\n\t\t\t\t\t\t\t\t\t\t\t<\/div>\n\t\t\t\t\t\t\t\t\t\t\t\t\t\t\t<div class=\"wd-gallery-item wd-col\">\n\t\t\t\t\t\t\t\t\t\t\t\t\t<a  href=\"https:\/\/yucelkantgemi.com\/wp-content\/uploads\/2025\/05\/Yucel-Kant-Gemi-ISO-14001-2015-scaled.avif\" data-width=\"1812\" data-height=\"2560\" data-index=\"2\" data-elementor-open-lightbox=\"no\">\n\t\t\t\t\t\t\n\t\t\t\t\t\t<img loading=\"lazy\" decoding=\"async\" width=\"1812\" height=\"2560\" src=\"https:\/\/yucelkantgemi.com\/wp-content\/uploads\/2025\/05\/Yucel-Kant-Gemi-ISO-14001-2015-scaled.avif\" class=\"attachment-full size-full\" alt=\"Y\u00fccel Kant Gemi ISO 14001-2015\" srcset=\"https:\/\/yucelkantgemi.com\/wp-content\/uploads\/2025\/05\/Yucel-Kant-Gemi-ISO-14001-2015-scaled.avif 1812w, https:\/\/yucelkantgemi.com\/wp-content\/uploads\/2025\/05\/Yucel-Kant-Gemi-ISO-14001-2015-212x300.avif 212w, https:\/\/yucelkantgemi.com\/wp-content\/uploads\/2025\/05\/Yucel-Kant-Gemi-ISO-14001-2015-725x1024.avif 725w, https:\/\/yucelkantgemi.com\/wp-content\/uploads\/2025\/05\/Yucel-Kant-Gemi-ISO-14001-2015-768x1085.avif 768w, https:\/\/yucelkantgemi.com\/wp-content\/uploads\/2025\/05\/Yucel-Kant-Gemi-ISO-14001-2015-1087x1536.avif 1087w, https:\/\/yucelkantgemi.com\/wp-content\/uploads\/2025\/05\/Yucel-Kant-Gemi-ISO-14001-2015-1449x2048.avif 1449w, https:\/\/yucelkantgemi.com\/wp-content\/uploads\/2025\/05\/Yucel-Kant-Gemi-ISO-14001-2015-8x12.avif 8w, https:\/\/yucelkantgemi.com\/wp-content\/uploads\/2025\/05\/Yucel-Kant-Gemi-ISO-14001-2015-300x424.avif 300w, https:\/\/yucelkantgemi.com\/wp-content\/uploads\/2025\/05\/Yucel-Kant-Gemi-ISO-14001-2015-800x1130.avif 800w, https:\/\/yucelkantgemi.com\/wp-content\/uploads\/2025\/05\/Yucel-Kant-Gemi-ISO-14001-2015-150x212.avif 150w\" sizes=\"auto, (max-width: 1812px) 100vw, 1812px\" title=\"| G\u00f6rsel\">\n\t\t\t\t\t\t\t\t\t\t\t\t\t<\/a>\n\t\t\t\t\t\t\t\t\t\t\t<\/div>\n\t\t\t\t\t\t\t\t\t\t\t\t\t\t\t<div class=\"wd-gallery-item wd-col\">\n\t\t\t\t\t\t\t\t\t\t\t\t\t<a  href=\"https:\/\/yucelkantgemi.com\/wp-content\/uploads\/2025\/05\/Yucel-Kant-Gemi-ISO-9001-2015-scaled.avif\" data-width=\"1812\" data-height=\"2560\" data-index=\"3\" data-elementor-open-lightbox=\"no\">\n\t\t\t\t\t\t\n\t\t\t\t\t\t<img loading=\"lazy\" decoding=\"async\" width=\"1812\" height=\"2560\" src=\"https:\/\/yucelkantgemi.com\/wp-content\/uploads\/2025\/05\/Yucel-Kant-Gemi-ISO-9001-2015-scaled.avif\" class=\"attachment-full size-full\" alt=\"Y\u00fccel Kant Gemi ISO 9001-2015\" srcset=\"https:\/\/yucelkantgemi.com\/wp-content\/uploads\/2025\/05\/Yucel-Kant-Gemi-ISO-9001-2015-scaled.avif 1812w, https:\/\/yucelkantgemi.com\/wp-content\/uploads\/2025\/05\/Yucel-Kant-Gemi-ISO-9001-2015-212x300.avif 212w, https:\/\/yucelkantgemi.com\/wp-content\/uploads\/2025\/05\/Yucel-Kant-Gemi-ISO-9001-2015-725x1024.avif 725w, https:\/\/yucelkantgemi.com\/wp-content\/uploads\/2025\/05\/Yucel-Kant-Gemi-ISO-9001-2015-768x1085.avif 768w, https:\/\/yucelkantgemi.com\/wp-content\/uploads\/2025\/05\/Yucel-Kant-Gemi-ISO-9001-2015-1087x1536.avif 1087w, https:\/\/yucelkantgemi.com\/wp-content\/uploads\/2025\/05\/Yucel-Kant-Gemi-ISO-9001-2015-1449x2048.avif 1449w, https:\/\/yucelkantgemi.com\/wp-content\/uploads\/2025\/05\/Yucel-Kant-Gemi-ISO-9001-2015-8x12.avif 8w, https:\/\/yucelkantgemi.com\/wp-content\/uploads\/2025\/05\/Yucel-Kant-Gemi-ISO-9001-2015-300x424.avif 300w, https:\/\/yucelkantgemi.com\/wp-content\/uploads\/2025\/05\/Yucel-Kant-Gemi-ISO-9001-2015-800x1130.avif 800w, https:\/\/yucelkantgemi.com\/wp-content\/uploads\/2025\/05\/Yucel-Kant-Gemi-ISO-9001-2015-150x212.avif 150w\" sizes=\"auto, (max-width: 1812px) 100vw, 1812px\" title=\"| G\u00f6rsel\">\n\t\t\t\t\t\t\t\t\t\t\t\t\t<\/a>\n\t\t\t\t\t\t\t\t\t\t\t<\/div>\n\t\t\t\t\t\t\t\t\t\t\t\t\t<\/div>\n\t\t\t\t\t<\/div>\n\t\t\t\t\t\t<\/div>\n\t\t\t\t<\/div>\n\t\t\t\t<\/div>\n\t\t\t\t<\/div>\n\t\t\t\t<\/div>\n\t\t\t\t\t<\/div>\n\t\t\t\t<\/div>\n\t\t\t\t<\/div>\n\t\t","protected":false},"excerpt":{"rendered":"<p>Home Hakk\u0131m\u0131zda Haberler \u0130leti\u015fim Hakk\u0131m\u0131zda Sertifikalar\u0131m\u0131z S\u00fcrd\u00fcr\u00fclebilirlik Firma Bilgileri Gizlilik Politikas\u0131 \u00c7erez Politikas\u0131 Kullan\u0131m Ko\u015fullar\u0131<\/p>\n","protected":false},"author":1,"featured_media":0,"parent":0,"menu_order":0,"comment_status":"closed","ping_status":"closed","template":"","meta":{"footnotes":""},"class_list":["post-4357","page","type-page","status-publish","hentry"],"_links":{"self":[{"href":"https:\/\/yucelkantgemi.com\/tr\/wp-json\/wp\/v2\/pages\/4357","targetHints":{"allow":["GET"]}}],"collection":[{"href":"https:\/\/yucelkantgemi.com\/tr\/wp-json\/wp\/v2\/pages"}],"about":[{"href":"https:\/\/yucelkantgemi.com\/tr\/wp-json\/wp\/v2\/types\/page"}],"author":[{"embeddable":true,"href":"https:\/\/yucelkantgemi.com\/tr\/wp-json\/wp\/v2\/users\/1"}],"replies":[{"embeddable":true,"href":"https:\/\/yucelkantgemi.com\/tr\/wp-json\/wp\/v2\/comments?post=4357"}],"version-history":[{"count":34,"href":"https:\/\/yucelkantgemi.com\/tr\/wp-json\/wp\/v2\/pages\/4357\/revisions"}],"predecessor-version":[{"id":4569,"href":"https:\/\/yucelkantgemi.com\/tr\/wp-json\/wp\/v2\/pages\/4357\/revisions\/4569"}],"wp:attachment":[{"href":"https:\/\/yucelkantgemi.com\/tr\/wp-json\/wp\/v2\/media?parent=4357"}],"curies":[{"name":"wp","href":"https:\/\/api.w.org\/{rel}","templated":true}]}}