{"id":4411,"date":"2025-05-01T16:03:32","date_gmt":"2025-05-01T13:03:32","guid":{"rendered":"https:\/\/yucelkantgemi.com\/?page_id=4411"},"modified":"2025-05-02T17:14:36","modified_gmt":"2025-05-02T14:14:36","slug":"firma-bilgileri","status":"publish","type":"page","link":"https:\/\/yucelkantgemi.com\/tr\/firma-bilgileri\/","title":{"rendered":"Firma Bilgileri"},"content":{"rendered":"\t\t<div data-elementor-type=\"wp-page\" data-elementor-id=\"4411\" class=\"elementor elementor-4411\">\n\t\t\t\t<div class=\"wd-negative-gap elementor-element elementor-element-1675366 wd-section-stretch e-flex e-con-boxed e-con e-parent\" data-id=\"1675366\" data-element_type=\"container\" data-e-type=\"container\" data-settings=\"{&quot;background_background&quot;:&quot;classic&quot;}\">\n\t\t\t\t\t<div class=\"e-con-inner\">\n\t\t\t\t\t<\/div>\n\t\t\t\t<\/div>\n\t\t<div class=\"wd-negative-gap elementor-element elementor-element-df48ff2 e-flex e-con-boxed e-con e-parent\" data-id=\"df48ff2\" data-element_type=\"container\" data-e-type=\"container\">\n\t\t\t\t\t<div class=\"e-con-inner\">\n\t\t<div class=\"elementor-element elementor-element-8761720 e-con-full e-flex e-con e-child\" data-id=\"8761720\" data-element_type=\"container\" data-e-type=\"container\" data-settings=\"{&quot;background_background&quot;:&quot;classic&quot;}\">\n\t\t<div class=\"elementor-element elementor-element-79fb2a4 e-con-full e-flex e-con e-child\" data-id=\"79fb2a4\" data-element_type=\"container\" data-e-type=\"container\">\n\t\t\t\t<div class=\"elementor-element elementor-element-a9b74ea wd-el-breadcrumbs text-left elementor-widget elementor-widget-wd_wc_breadcrumb\" data-id=\"a9b74ea\" data-element_type=\"widget\" data-e-type=\"widget\" data-widget_type=\"wd_wc_breadcrumb.default\">\n\t\t\t\t<div class=\"elementor-widget-container\">\n\t\t\t\t\t<nav class=\"wd-breadcrumbs woocommerce-breadcrumb\" aria-label=\"Breadcrumb\">\t\t\t\t<span class=\"wd-last\">\n\t\t\t\t\tAna Sayfa\t\t\t\t<\/span>\n\t\t\t<\/nav>\t\t\t\t<\/div>\n\t\t\t\t<\/div>\n\t\t\t\t<div class=\"elementor-element elementor-element-0be73fb elementor-widget elementor-widget-wd_text_block\" data-id=\"0be73fb\" data-element_type=\"widget\" data-e-type=\"widget\" data-widget_type=\"wd_text_block.default\">\n\t\t\t\t<div class=\"elementor-widget-container\">\n\t\t\t\t\t\t\t<div class=\"wd-text-block reset-last-child text-left color-scheme-light\">\n\t\t\t\n\t\t\t<h1>Firma Bilgileri<\/h1>\n\t\t\t\t\t<\/div>\n\t\t\t\t\t\t<\/div>\n\t\t\t\t<\/div>\n\t\t\t\t<\/div>\n\t\t<div class=\"elementor-element elementor-element-4e5011d e-con-full e-flex e-con e-child\" data-id=\"4e5011d\" data-element_type=\"container\" data-e-type=\"container\">\n\t\t\t\t<div class=\"elementor-element elementor-element-bd8ce5f elementor-widget__width-initial elementor-hidden-tablet elementor-hidden-mobile elementor-widget elementor-widget-wd_mega_menu\" data-id=\"bd8ce5f\" data-element_type=\"widget\" data-e-type=\"widget\" data-widget_type=\"wd_mega_menu.default\">\n\t\t\t\t<div class=\"elementor-widget-container\">\n\t\t\t\t\t\t\t<div class=\"wd-menu widget_nav_mega_menu wd-nav-wrapper\">\n\t\t\t\t\t\t<ul id=\"menu-leftsidebar\" class=\"menu wd-nav wd-nav-vertical wd-design-with-bg\"><li id=\"menu-item-373\" class=\"menu-item menu-item-type-post_type menu-item-object-page current_page_parent menu-item-373 item-level-0 menu-simple-dropdown wd-event-hover\" ><a href=\"https:\/\/yucelkantgemi.com\/tr\/haberler\/\" class=\"woodmart-nav-link\"><span class=\"nav-link-text\">Haberler<\/span><\/a><\/li>\n<li id=\"menu-item-307\" class=\"menu-item menu-item-type-post_type menu-item-object-page menu-item-307 item-level-0 menu-simple-dropdown wd-event-hover\" ><a href=\"https:\/\/yucelkantgemi.com\/tr\/iletisim\/\" class=\"woodmart-nav-link\"><span class=\"nav-link-text\">\u0130leti\u015fim<\/span><\/a><\/li>\n<li id=\"menu-item-309\" class=\"menu-item menu-item-type-post_type menu-item-object-page menu-item-309 item-level-0 menu-simple-dropdown wd-event-hover\" ><a href=\"https:\/\/yucelkantgemi.com\/tr\/hakkimizda\/\" class=\"woodmart-nav-link\"><span class=\"nav-link-text\">Hakk\u0131m\u0131zda<\/span><\/a><\/li>\n<li id=\"menu-item-4383\" class=\"menu-item menu-item-type-post_type menu-item-object-page menu-item-4383 item-level-0 menu-simple-dropdown wd-event-hover\" ><a href=\"https:\/\/yucelkantgemi.com\/tr\/sertifikalarimiz\/\" class=\"woodmart-nav-link\"><span class=\"nav-link-text\">Sertifikalar\u0131m\u0131z<\/span><\/a><\/li>\n<li id=\"menu-item-372\" class=\"menu-item menu-item-type-post_type menu-item-object-page menu-item-372 item-level-0 menu-simple-dropdown wd-event-hover\" ><a href=\"https:\/\/yucelkantgemi.com\/tr\/surdurulebilirlik\/\" class=\"woodmart-nav-link\"><span class=\"nav-link-text\">S\u00fcrd\u00fcr\u00fclebilirlik<\/span><\/a><\/li>\n<li id=\"menu-item-4423\" class=\"menu-item menu-item-type-post_type menu-item-object-page menu-item-4423 item-level-0 menu-simple-dropdown wd-event-hover\" ><a href=\"https:\/\/yucelkantgemi.com\/tr\/firma-bilgileri\/\" class=\"woodmart-nav-link\"><span class=\"nav-link-text\">Firma Bilgileri<\/span><\/a><\/li>\n<li id=\"menu-item-4759\" class=\"menu-item menu-item-type-post_type menu-item-object-page menu-item-4759 item-level-0 menu-simple-dropdown wd-event-hover\" ><a href=\"https:\/\/yucelkantgemi.com\/tr\/entegre-yonetim-sistemleri-politikamiz\/\" class=\"woodmart-nav-link\"><span class=\"nav-link-text\">Entegre Y\u00f6netim Sistemleri Politikam\u0131z<\/span><\/a><\/li>\n<li id=\"menu-item-427\" class=\"menu-item menu-item-type-post_type menu-item-object-page menu-item-privacy-policy menu-item-427 item-level-0 menu-simple-dropdown wd-event-hover\" ><a href=\"https:\/\/yucelkantgemi.com\/tr\/gizlilik-politikasi\/\" class=\"woodmart-nav-link\"><span class=\"nav-link-text\">Gizlilik Politikas\u0131<\/span><\/a><\/li>\n<li id=\"menu-item-428\" class=\"menu-item menu-item-type-post_type menu-item-object-page menu-item-428 item-level-0 menu-simple-dropdown wd-event-hover\" ><a href=\"https:\/\/yucelkantgemi.com\/tr\/cerez-politikasi\/\" class=\"woodmart-nav-link\"><span class=\"nav-link-text\">\u00c7erez Politikas\u0131<\/span><\/a><\/li>\n<li id=\"menu-item-429\" class=\"menu-item menu-item-type-post_type menu-item-object-page menu-item-429 item-level-0 menu-simple-dropdown wd-event-hover\" ><a href=\"https:\/\/yucelkantgemi.com\/tr\/kullanim-kosullari\/\" class=\"woodmart-nav-link\"><span class=\"nav-link-text\">Kullan\u0131m Ko\u015fullar\u0131<\/span><\/a><\/li>\n<\/ul>\t\t<\/div>\n\t\t\t\t\t\t<\/div>\n\t\t\t\t<\/div>\n\t\t<div class=\"elementor-element elementor-element-5903659 e-con-full e-flex e-con e-child\" data-id=\"5903659\" data-element_type=\"container\" data-e-type=\"container\" data-settings=\"{&quot;background_background&quot;:&quot;classic&quot;}\">\n\t\t\t\t<div class=\"elementor-element elementor-element-8bf752b wd-width-100 elementor-widget elementor-widget-wd_title\" data-id=\"8bf752b\" data-element_type=\"widget\" data-e-type=\"widget\" data-widget_type=\"wd_title.default\">\n\t\t\t\t<div class=\"elementor-widget-container\">\n\t\t\t\t\t\t\t<div class=\"title-wrapper wd-set-mb reset-last-child wd-title-color-default wd-title-style-default wd-title-size-medium text-left\">\n\n\t\t\t\n\t\t\t<div class=\"liner-continer\">\n\t\t\t\t<h4 class=\"woodmart-title-container title wd-fontsize-xl\">Y\u00dcCEL KANT GEM\u0130 ONARIM \u0130N\u015eAA SAN.VE T\u0130C.LTD.\u015eT\u0130.<\/h4> \n\t\t\t\t\t\t\t<\/div>\n\n\t\t\t\t\t<\/div>\n\t\t\t\t\t\t<\/div>\n\t\t\t\t<\/div>\n\t\t\t\t<div class=\"elementor-element elementor-element-f0522b9 elementor-widget elementor-widget-wd_list\" data-id=\"f0522b9\" data-element_type=\"widget\" data-e-type=\"widget\" data-widget_type=\"wd_list.default\">\n\t\t\t\t<div class=\"elementor-widget-container\">\n\t\t\t\t\t\t\t<ul class=\"wd-list color-scheme- wd-fontsize-xs wd-type-icon wd-style-default text-left\">\n\t\t\t\t\t\t\t\t\t\t\t<li class=\"elementor-repeater-item-5f754c4\">\n\t\t\t\t\t\t\t\t\t\t\t<span class=\"wd-icon\"><svg class=\"e-font-icon-svg e-fas-caret-right\" viewBox=\"0 0 192 512\" xmlns=\"http:\/\/www.w3.org\/2000\/svg\"><path d=\"M0 384.662V127.338c0-17.818 21.543-26.741 34.142-14.142l128.662 128.662c7.81 7.81 7.81 20.474 0 28.284L34.142 398.804C21.543 411.404 0 402.48 0 384.662z\"><\/path><\/svg><\/span>\t\t\t\t\t\n\t\t\t\t\t<span class=\"wd-list-content list-content\">\n\t\t\t\t\t\t\t\t\t\t\t\t\t<a href=\"https:\/\/www.google.com\/maps\/dir\/\/Evliya+%C3%87elebi,+Pertev+Sk.+No:3%2F8-9,+34944+Tuzla%2F%C4%B0stanbul\/@40.8403882,29.2152504,12z\/data=!4m8!4m7!1m0!1m5!1m1!1s0x14cadd8d8182bd09:0xe553e369bfed0abe!2m2!1d29.2976512!2d40.8404175?entry=ttu&#038;g_ep=EgoyMDI1MDQyOS4wIKXMDSoJLDEwMjExNDU1SAFQAw%3D%3D\" target=\"_blank\" rel=\"noopener\">\n\t\t\t\t\t\t\t\tAdres: Evliya \u00c7elebi Mah. Tuzla Gemiciler San. Sit. C-Blok E\u011filmez Sk. No.3\/9\nTuzla \/ \u0130STANBUL\t\t\t\t\t\t\t<\/a>\n\t\t\t\t\t\t\t\t\t\t\t<\/span>\n\t\t\t\t<\/li>\n\t\t\t\t\t\t\t\t\t\t\t<li class=\"elementor-repeater-item-b272dd3\">\n\t\t\t\t\t\t\t\t\t\t\t<span class=\"wd-icon\"><svg class=\"e-font-icon-svg e-fas-caret-right\" viewBox=\"0 0 192 512\" xmlns=\"http:\/\/www.w3.org\/2000\/svg\"><path d=\"M0 384.662V127.338c0-17.818 21.543-26.741 34.142-14.142l128.662 128.662c7.81 7.81 7.81 20.474 0 28.284L34.142 398.804C21.543 411.404 0 402.48 0 384.662z\"><\/path><\/svg><\/span>\t\t\t\t\t\n\t\t\t\t\t<span class=\"wd-list-content list-content\">\n\t\t\t\t\t\t\t\t\t\t\t\t\t<a  href=\"tel:902164461085\">\n\t\t\t\t\t\t\t\tTelefon: 0 216 446 10 85\t\t\t\t\t\t\t<\/a>\n\t\t\t\t\t\t\t\t\t\t\t<\/span>\n\t\t\t\t<\/li>\n\t\t\t\t\t\t\t\t\t\t\t<li class=\"elementor-repeater-item-81915fc\">\n\t\t\t\t\t\t\t\t\t\t\t<span class=\"wd-icon\"><svg class=\"e-font-icon-svg e-fas-caret-right\" viewBox=\"0 0 192 512\" xmlns=\"http:\/\/www.w3.org\/2000\/svg\"><path d=\"M0 384.662V127.338c0-17.818 21.543-26.741 34.142-14.142l128.662 128.662c7.81 7.81 7.81 20.474 0 28.284L34.142 398.804C21.543 411.404 0 402.48 0 384.662z\"><\/path><\/svg><\/span>\t\t\t\t\t\n\t\t\t\t\t<span class=\"wd-list-content list-content\">\n\t\t\t\t\t\t\t\t\t\t\t\t\t<a  href=\"mailto:info@yucelkantgemi.com\">\n\t\t\t\t\t\t\t\tMail: info@yucelkantgemi.com\t\t\t\t\t\t\t<\/a>\n\t\t\t\t\t\t\t\t\t\t\t<\/span>\n\t\t\t\t<\/li>\n\t\t\t\t\t\t\t\t\t\t\t<li class=\"elementor-repeater-item-e40b12e\">\n\t\t\t\t\t\t\t\t\t\t\t<span class=\"wd-icon\"><svg class=\"e-font-icon-svg e-fas-caret-right\" viewBox=\"0 0 192 512\" xmlns=\"http:\/\/www.w3.org\/2000\/svg\"><path d=\"M0 384.662V127.338c0-17.818 21.543-26.741 34.142-14.142l128.662 128.662c7.81 7.81 7.81 20.474 0 28.284L34.142 398.804C21.543 411.404 0 402.48 0 384.662z\"><\/path><\/svg><\/span>\t\t\t\t\t\n\t\t\t\t\t<span class=\"wd-list-content list-content\">\n\t\t\t\t\t\t\t\t\t\t\t\t\tTuzla V.D.: 9920294398\t\t\t\t\t\t\t\t\t\t\t<\/span>\n\t\t\t\t<\/li>\n\t\t\t\t\t\t\t\t\t\t\t<li class=\"elementor-repeater-item-126f247\">\n\t\t\t\t\t\t\t\t\t\t\t<span class=\"wd-icon\"><svg class=\"e-font-icon-svg e-fas-caret-right\" viewBox=\"0 0 192 512\" xmlns=\"http:\/\/www.w3.org\/2000\/svg\"><path d=\"M0 384.662V127.338c0-17.818 21.543-26.741 34.142-14.142l128.662 128.662c7.81 7.81 7.81 20.474 0 28.284L34.142 398.804C21.543 411.404 0 402.48 0 384.662z\"><\/path><\/svg><\/span>\t\t\t\t\t\n\t\t\t\t\t<span class=\"wd-list-content list-content\">\n\t\t\t\t\t\t\t\t\t\t\t\t\tKep Adresi: yucelkantgemi@hs01.kep.tr\t\t\t\t\t\t\t\t\t\t\t<\/span>\n\t\t\t\t<\/li>\n\t\t\t\t\t\t\t\t\t\t\t<li class=\"elementor-repeater-item-cb4832c\">\n\t\t\t\t\t\t\t\t\t\t\t<span class=\"wd-icon\"><svg class=\"e-font-icon-svg e-fas-caret-right\" viewBox=\"0 0 192 512\" xmlns=\"http:\/\/www.w3.org\/2000\/svg\"><path d=\"M0 384.662V127.338c0-17.818 21.543-26.741 34.142-14.142l128.662 128.662c7.81 7.81 7.81 20.474 0 28.284L34.142 398.804C21.543 411.404 0 402.48 0 384.662z\"><\/path><\/svg><\/span>\t\t\t\t\t\n\t\t\t\t\t<span class=\"wd-list-content list-content\">\n\t\t\t\t\t\t\t\t\t\t\t\t\tSorumlu Ki\u015fi: \u0130lker KANT\t\t\t\t\t\t\t\t\t\t\t<\/span>\n\t\t\t\t<\/li>\n\t\t\t\t\t<\/ul>\n\n\t\t\t\t\t\t<\/div>\n\t\t\t\t<\/div>\n\t\t\t\t<div class=\"elementor-element elementor-element-8296cd3 elementor-widget elementor-widget-wd_text_block\" data-id=\"8296cd3\" data-element_type=\"widget\" data-e-type=\"widget\" data-widget_type=\"wd_text_block.default\">\n\t\t\t\t<div class=\"elementor-widget-container\">\n\t\t\t\t\t\t\t<div class=\"wd-text-block reset-last-child text-left\">\n\t\t\t\n\t\t\t<p>Y\u00fccel Kant Gemi, \u0130stanbul Ticaret Odas\u0131 (\u0130TO) \u00fcyesidir. \u015eirketimiz, \u0130TO\u2019nun belirledi\u011fi mesleki etik ilke ve davran\u0131\u015f kurallar\u0131na uygun \u015fekilde faaliyet g\u00f6stermektedir. \u0130stanbul Ticaret Odas\u0131'n\u0131n g\u00fcncel kural ve y\u00f6nergelerine <strong><a href=\"http:\/\/www.ito.org.tr\" target=\"_blank\" rel=\"noopener\">www.ito.org.tr<\/a> <\/strong>adresinden ula\u015fabilirsiniz.<\/p><p>\u015eirketimize yap\u0131lacak resmi bildirimler, ihtarnameler veya arabuluculuk ba\u015fvurular\u0131 i\u00e7in Kay\u0131tl\u0131 Elektronik Posta (KEP) sistemi kullan\u0131lmal\u0131d\u0131r. T\u00fcm yasal bildirimlerin, <strong data-start=\"823\" data-end=\"852\"><a class=\"cursor-pointer\" rel=\"noopener\" data-start=\"825\" data-end=\"850\">yucelkantgemi@hs01.kep.tr<\/a><\/strong> adresine g\u00f6nderilmesi gerekmektedir. Elektronik ortam d\u0131\u015f\u0131nda yap\u0131lan bildirimler ge\u00e7ersiz say\u0131labilir.<\/p>\n\t\t\t\t\t<\/div>\n\t\t\t\t\t\t<\/div>\n\t\t\t\t<\/div>\n\t\t\t\t<\/div>\n\t\t\t\t<\/div>\n\t\t\t\t<\/div>\n\t\t\t\t\t<\/div>\n\t\t\t\t<\/div>\n\t\t\t\t<\/div>\n\t\t","protected":false},"excerpt":{"rendered":"<p>Home Firma Bilgileri Haberler \u0130leti\u015fim Hakk\u0131m\u0131zda Sertifikalar\u0131m\u0131z S\u00fcrd\u00fcr\u00fclebilirlik Firma Bilgileri Gizlilik Politikas\u0131 \u00c7erez Politikas\u0131 Kullan\u0131m Ko\u015fullar\u0131 Y\u00dcCEL KANT GEM\u0130 ONARIM<\/p>\n","protected":false},"author":1,"featured_media":0,"parent":0,"menu_order":0,"comment_status":"closed","ping_status":"closed","template":"","meta":{"footnotes":""},"class_list":["post-4411","page","type-page","status-publish","hentry"],"_links":{"self":[{"href":"https:\/\/yucelkantgemi.com\/tr\/wp-json\/wp\/v2\/pages\/4411","targetHints":{"allow":["GET"]}}],"collection":[{"href":"https:\/\/yucelkantgemi.com\/tr\/wp-json\/wp\/v2\/pages"}],"about":[{"href":"https:\/\/yucelkantgemi.com\/tr\/wp-json\/wp\/v2\/types\/page"}],"author":[{"embeddable":true,"href":"https:\/\/yucelkantgemi.com\/tr\/wp-json\/wp\/v2\/users\/1"}],"replies":[{"embeddable":true,"href":"https:\/\/yucelkantgemi.com\/tr\/wp-json\/wp\/v2\/comments?post=4411"}],"version-history":[{"count":34,"href":"https:\/\/yucelkantgemi.com\/tr\/wp-json\/wp\/v2\/pages\/4411\/revisions"}],"predecessor-version":[{"id":4545,"href":"https:\/\/yucelkantgemi.com\/tr\/wp-json\/wp\/v2\/pages\/4411\/revisions\/4545"}],"wp:attachment":[{"href":"https:\/\/yucelkantgemi.com\/tr\/wp-json\/wp\/v2\/media?parent=4411"}],"curies":[{"name":"wp","href":"https:\/\/api.w.org\/{rel}","templated":true}]}}