{"id":108,"date":"2025-02-10T01:24:49","date_gmt":"2025-02-09T22:24:49","guid":{"rendered":"https:\/\/yucelkantgemi.com\/?post_type=product&#038;p=108"},"modified":"2025-04-29T15:44:11","modified_gmt":"2025-04-29T12:44:11","slug":"camur-sandigi-ve-krom-filtre-imalati","status":"publish","type":"product","link":"https:\/\/yucelkantgemi.com\/tr\/camur-sandigi-ve-krom-filtre-imalati\/","title":{"rendered":"\u00c7amur Sand\u0131\u011f\u0131 ve Krom Filtre"},"content":{"rendered":"","protected":false},"excerpt":{"rendered":"","protected":false},"featured_media":1125,"template":"","meta":[],"product_brand":[646],"product_cat":[32,15],"product_tag":[],"class_list":{"0":"post-108","1":"product","2":"type-product","3":"status-publish","4":"has-post-thumbnail","6":"product_brand-yucel-kant-gemi","7":"product_cat-makine-ekipmanlari-imalati","8":"product_cat-uretim","10":"first","11":"instock","12":"shipping-taxable","13":"product-type-simple"},"_links":{"self":[{"href":"https:\/\/yucelkantgemi.com\/tr\/wp-json\/wp\/v2\/product\/108","targetHints":{"allow":["GET"]}}],"collection":[{"href":"https:\/\/yucelkantgemi.com\/tr\/wp-json\/wp\/v2\/product"}],"about":[{"href":"https:\/\/yucelkantgemi.com\/tr\/wp-json\/wp\/v2\/types\/product"}],"version-history":[{"count":4,"href":"https:\/\/yucelkantgemi.com\/tr\/wp-json\/wp\/v2\/product\/108\/revisions"}],"predecessor-version":[{"id":4002,"href":"https:\/\/yucelkantgemi.com\/tr\/wp-json\/wp\/v2\/product\/108\/revisions\/4002"}],"wp:featuredmedia":[{"embeddable":true,"href":"https:\/\/yucelkantgemi.com\/tr\/wp-json\/wp\/v2\/media\/1125"}],"wp:attachment":[{"href":"https:\/\/yucelkantgemi.com\/tr\/wp-json\/wp\/v2\/media?parent=108"}],"wp:term":[{"taxonomy":"product_brand","embeddable":true,"href":"https:\/\/yucelkantgemi.com\/tr\/wp-json\/wp\/v2\/product_brand?post=108"},{"taxonomy":"product_cat","embeddable":true,"href":"https:\/\/yucelkantgemi.com\/tr\/wp-json\/wp\/v2\/product_cat?post=108"},{"taxonomy":"product_tag","embeddable":true,"href":"https:\/\/yucelkantgemi.com\/tr\/wp-json\/wp\/v2\/product_tag?post=108"}],"curies":[{"name":"wp","href":"https:\/\/api.w.org\/{rel}","templated":true}]}}