{"id":137,"date":"2025-02-14T01:54:47","date_gmt":"2025-02-13T22:54:47","guid":{"rendered":"https:\/\/yucelkantgemi.com\/?post_type=product&#038;p=137"},"modified":"2025-04-29T15:35:28","modified_gmt":"2025-04-29T12:35:28","slug":"buhar-jeneratoru-bakim-ve-onarim","status":"publish","type":"product","link":"https:\/\/yucelkantgemi.com\/tr\/buhar-jeneratoru-bakim-ve-onarim\/","title":{"rendered":"Buhar Jenerat\u00f6r\u00fc Bak\u0131m ve Onar\u0131m"},"content":{"rendered":"","protected":false},"excerpt":{"rendered":"","protected":false},"featured_media":3958,"template":"","meta":[],"product_brand":[646],"product_cat":[42,44],"product_tag":[],"class_list":{"0":"post-137","1":"product","2":"type-product","3":"status-publish","4":"has-post-thumbnail","6":"product_brand-yucel-kant-gemi","7":"product_cat-bakim-onarim","8":"product_cat-makine-ekipmanlari-bakim-ve-onarim","10":"first","11":"instock","12":"shipping-taxable","13":"product-type-simple"},"_links":{"self":[{"href":"https:\/\/yucelkantgemi.com\/tr\/wp-json\/wp\/v2\/product\/137","targetHints":{"allow":["GET"]}}],"collection":[{"href":"https:\/\/yucelkantgemi.com\/tr\/wp-json\/wp\/v2\/product"}],"about":[{"href":"https:\/\/yucelkantgemi.com\/tr\/wp-json\/wp\/v2\/types\/product"}],"version-history":[{"count":1,"href":"https:\/\/yucelkantgemi.com\/tr\/wp-json\/wp\/v2\/product\/137\/revisions"}],"predecessor-version":[{"id":3959,"href":"https:\/\/yucelkantgemi.com\/tr\/wp-json\/wp\/v2\/product\/137\/revisions\/3959"}],"wp:featuredmedia":[{"embeddable":true,"href":"https:\/\/yucelkantgemi.com\/tr\/wp-json\/wp\/v2\/media\/3958"}],"wp:attachment":[{"href":"https:\/\/yucelkantgemi.com\/tr\/wp-json\/wp\/v2\/media?parent=137"}],"wp:term":[{"taxonomy":"product_brand","embeddable":true,"href":"https:\/\/yucelkantgemi.com\/tr\/wp-json\/wp\/v2\/product_brand?post=137"},{"taxonomy":"product_cat","embeddable":true,"href":"https:\/\/yucelkantgemi.com\/tr\/wp-json\/wp\/v2\/product_cat?post=137"},{"taxonomy":"product_tag","embeddable":true,"href":"https:\/\/yucelkantgemi.com\/tr\/wp-json\/wp\/v2\/product_tag?post=137"}],"curies":[{"name":"wp","href":"https:\/\/api.w.org\/{rel}","templated":true}]}}