{"id":156,"date":"2025-02-14T02:10:32","date_gmt":"2025-02-13T23:10:32","guid":{"rendered":"https:\/\/yucelkantgemi.com\/?post_type=product&#038;p=156"},"modified":"2025-04-29T15:35:56","modified_gmt":"2025-04-29T12:35:56","slug":"boru-profil-lama-bukum","status":"publish","type":"product","link":"https:\/\/yucelkantgemi.com\/tr\/boru-profil-lama-bukum\/","title":{"rendered":"Boru, Profil, Lama B\u00fck\u00fcm"},"content":{"rendered":"\t\t<div data-elementor-type=\"wp-post\" data-elementor-id=\"156\" class=\"elementor elementor-156\">\n\t\t\t\t<div class=\"wd-negative-gap elementor-element elementor-element-f85ebf8 e-flex e-con-boxed e-con e-parent\" data-id=\"f85ebf8\" data-element_type=\"container\" data-e-type=\"container\">\n\t\t\t\t\t<div class=\"e-con-inner\">\n\t\t\t\t<div class=\"elementor-element elementor-element-e567d65 elementor-widget elementor-widget-wd_text_block\" data-id=\"e567d65\" data-element_type=\"widget\" data-e-type=\"widget\" data-widget_type=\"wd_text_block.default\">\n\t\t\t\t<div class=\"elementor-widget-container\">\n\t\t\t\t\t\t\t<div class=\"wd-text-block reset-last-child text-left\">\n\t\t\t\n\t\t\t<h3 data-start=\"0\" data-end=\"48\"><strong data-start=\"4\" data-end=\"46\">En H\u0131zl\u0131 ve G\u00fcvenilir B\u00fck\u00fcm Hizmetleri<\/strong><\/h3><p data-start=\"49\" data-end=\"498\">Y\u00fccel Kant Gemi olarak, Tuzla\u2019daki tesislerimizde Boru, Profil ve Lama B\u00fck\u00fcm hizmetlerini en y\u00fcksek hassasiyetle sunuyoruz. \u00dcretim s\u00fcre\u00e7lerimizde en son teknolojiye sahip makineler ve uzman ekibimizle \u00e7al\u0131\u015farak, projelerinizin gerektirdi\u011fi \u00f6l\u00e7\u00fc ve toleranslara tam uyum sa\u011fl\u0131yoruz. H\u0131zl\u0131 teslimat s\u00fcremiz ve hatas\u0131z \u00fcretim anlay\u0131\u015f\u0131m\u0131z sayesinde m\u00fc\u015fterilerimize g\u00fcvenilir \u00e7\u00f6z\u00fcmler sunuyor, zaman\u0131nda ve eksiksiz teslimat garantisi veriyoruz.<\/p><h3 data-start=\"500\" data-end=\"552\"><strong data-start=\"504\" data-end=\"550\">Kapsaml\u0131 B\u00fck\u00fcm S\u00fcreci ve Teknik \u00d6zellikler<\/strong><\/h3><p data-start=\"553\" data-end=\"692\">B\u00fck\u00fcm i\u015flemlerimiz, y\u00fcksek hassasiyet gerektiren end\u00fcstriyel standartlara uygun olarak ger\u00e7ekle\u015ftirilir. S\u00fcrecimiz \u015fu a\u015famalardan olu\u015fur:<\/p><ol data-start=\"693\" data-end=\"1201\"><li data-start=\"693\" data-end=\"800\"><strong data-start=\"696\" data-end=\"727\">Malzeme Se\u00e7imi ve Haz\u0131rl\u0131k:<\/strong> M\u00fc\u015fterilerimizin talepleri do\u011frultusunda uygun malzeme se\u00e7imi yap\u0131l\u0131r.<\/li><li data-start=\"801\" data-end=\"908\"><strong data-start=\"804\" data-end=\"836\">\u00d6l\u00e7\u00fclendirme ve Programlama:<\/strong> CNC kontroll\u00fc makinelerimizle b\u00fck\u00fcm a\u00e7\u0131s\u0131 ve toleranslar\u0131 belirlenir.<\/li><li data-start=\"909\" data-end=\"1009\"><strong data-start=\"912\" data-end=\"929\">B\u00fck\u00fcm \u0130\u015flemi:<\/strong> \u0130leri teknolojiye sahip makinelerimizle hassas ve p\u00fcr\u00fczs\u00fcz b\u00fck\u00fcmler sa\u011flan\u0131r.<\/li><li data-start=\"1010\" data-end=\"1096\"><strong data-start=\"1013\" data-end=\"1032\">Kalite Kontrol:<\/strong> Her bir par\u00e7a, hatas\u0131z \u00fcretim i\u00e7in titizlikle kontrol edilir.<\/li><li data-start=\"1097\" data-end=\"1201\"><strong data-start=\"1100\" data-end=\"1126\">Paketleme ve Sevkiyat:<\/strong> \u0130\u015flenen \u00fcr\u00fcnler, g\u00fcvenli bir \u015fekilde sevk edilmeye haz\u0131r hale getirilir.<\/li><\/ol><h3 data-start=\"1319\" data-end=\"1373\"><strong data-start=\"1323\" data-end=\"1371\">Geni\u015f Malzeme Yelpazesi ve Uygulama Alanlar\u0131<\/strong><\/h3><p data-start=\"1374\" data-end=\"1510\">Y\u00fccel Kant Gemi olarak, Boru, Profil ve Lama b\u00fck\u00fcm i\u015flemlerinde karbon \u00e7elik, paslanmaz \u00e7elik, al\u00fcminyum, pirin\u00e7 ve bak\u0131r ala\u015f\u0131mlar\u0131n\u0131 i\u015fleyerek geni\u015f bir malzeme yelpazesi sunuyoruz. B\u00fck\u00fcm hizmetlerimiz, ba\u015fta gemi sanayi olmak \u00fczere in\u015faat, otomotiv, makine imalat\u0131 ve end\u00fcstriyel \u00fcretim gibi farkl\u0131 sekt\u00f6rlerde kullan\u0131lmaktad\u0131r. \u00d6zel projeleriniz i\u00e7in farkl\u0131 kal\u0131nl\u0131k ve \u00f6l\u00e7\u00fclerde hassas b\u00fck\u00fcm i\u015flemleri ger\u00e7ekle\u015ftirerek, ihtiyac\u0131n\u0131za en uygun \u00e7\u00f6z\u00fcmleri sa\u011fl\u0131yoruz.<\/p><h3 data-start=\"1834\" data-end=\"1907\"><strong data-start=\"1838\" data-end=\"1905\">Y\u00fccel Kant Gemi ile Fark Yaratan Hizmet ve Uygun Fiyat Avantaj\u0131<\/strong><\/h3><p data-start=\"1908\" data-end=\"2256\">Firmam\u0131z, sekt\u00f6rdeki deneyimi ve m\u00fc\u015fteri memnuniyeti odakl\u0131 hizmet anlay\u0131\u015f\u0131yla fark yaratmaktad\u0131r. Y\u00fcksek kalite standartlar\u0131nda \u00fcretim yaparken, maliyetlerinizi minimize edecek \u00e7\u00f6z\u00fcmler sunuyoruz. Tuzla\u2019daki \u00fcretim tesisimiz, geni\u015f makine parkuru ve deneyimli ekibiyle, projelerinizi zaman\u0131nda ve b\u00fct\u00e7enize en uygun \u015fekilde tamamlaman\u0131z\u0131 sa\u011flar.<\/p>\n\t\t\t\t\t<\/div>\n\t\t\t\t\t\t<\/div>\n\t\t\t\t<\/div>\n\t\t\t\t\t<\/div>\n\t\t\t\t<\/div>\n\t\t<div class=\"wd-negative-gap elementor-element elementor-element-a4ad476 e-flex e-con-boxed e-con e-parent\" data-id=\"a4ad476\" data-element_type=\"container\" data-e-type=\"container\">\n\t\t\t\t\t<div class=\"e-con-inner\">\n\t\t\t\t<div class=\"elementor-element elementor-element-0cb782a elementor-widget elementor-widget-wd_text_block\" data-id=\"0cb782a\" data-element_type=\"widget\" data-e-type=\"widget\" data-widget_type=\"wd_text_block.default\">\n\t\t\t\t<div class=\"elementor-widget-container\">\n\t\t\t\t\t\t\t<div class=\"wd-text-block reset-last-child text-left\">\n\t\t\t\n\t\t\t<h5>S\u0131k\u00e7a Sorulan Sorular (SSS)<\/h5>\n\t\t\t\t\t<\/div>\n\t\t\t\t\t\t<\/div>\n\t\t\t\t<\/div>\n\t\t\t\t<div class=\"elementor-element elementor-element-55a30ff elementor-widget elementor-widget-n-accordion\" data-id=\"55a30ff\" data-element_type=\"widget\" data-e-type=\"widget\" data-settings=\"{&quot;n_accordion_animation_duration&quot;:{&quot;unit&quot;:&quot;ms&quot;,&quot;size&quot;:200,&quot;sizes&quot;:[]},&quot;default_state&quot;:&quot;expanded&quot;,&quot;max_items_expended&quot;:&quot;one&quot;}\" data-widget_type=\"nested-accordion.default\">\n\t\t\t\t<div class=\"elementor-widget-container\">\n\t\t\t\t\t\t\t<div class=\"e-n-accordion\" aria-label=\"Accordion. Open links with Enter or Space, close with Escape, and navigate with Arrow Keys\">\n\t\t\t\t\t\t<details id=\"e-n-accordion-item-8970\" class=\"e-n-accordion-item\" open>\n\t\t\t\t<summary class=\"e-n-accordion-item-title\" data-accordion-index=\"1\" tabindex=\"0\" aria-expanded=\"true\" aria-controls=\"e-n-accordion-item-8970\" >\n\t\t\t\t\t<span class='e-n-accordion-item-title-header'><div class=\"e-n-accordion-item-title-text\"> Hangi malzemelere b\u00fck\u00fcm i\u015flemi uygulanabilir? <\/div><\/span>\n\t\t\t\t\t\t\t<span class='e-n-accordion-item-title-icon'>\n\t\t\t<span class='e-opened' ><svg aria-hidden=\"true\" class=\"e-font-icon-svg e-fas-minus\" viewBox=\"0 0 448 512\" xmlns=\"http:\/\/www.w3.org\/2000\/svg\"><path d=\"M416 208H32c-17.67 0-32 14.33-32 32v32c0 17.67 14.33 32 32 32h384c17.67 0 32-14.33 32-32v-32c0-17.67-14.33-32-32-32z\"><\/path><\/svg><\/span>\n\t\t\t<span class='e-closed'><svg aria-hidden=\"true\" class=\"e-font-icon-svg e-fas-plus\" viewBox=\"0 0 448 512\" xmlns=\"http:\/\/www.w3.org\/2000\/svg\"><path d=\"M416 208H272V64c0-17.67-14.33-32-32-32h-32c-17.67 0-32 14.33-32 32v144H32c-17.67 0-32 14.33-32 32v32c0 17.67 14.33 32 32 32h144v144c0 17.67 14.33 32 32 32h32c17.67 0 32-14.33 32-32V304h144c17.67 0 32-14.33 32-32v-32c0-17.67-14.33-32-32-32z\"><\/path><\/svg><\/span>\n\t\t<\/span>\n\n\t\t\t\t\t\t<\/summary>\n\t\t\t\t<div role=\"region\" aria-labelledby=\"e-n-accordion-item-8970\" class=\"elementor-element elementor-element-b5416fd e-con-full e-flex e-con e-child\" data-id=\"b5416fd\" data-element_type=\"container\" data-e-type=\"container\">\n\t\t\t\t<div class=\"elementor-element elementor-element-c160724 elementor-widget elementor-widget-wd_text_block\" data-id=\"c160724\" data-element_type=\"widget\" data-e-type=\"widget\" data-widget_type=\"wd_text_block.default\">\n\t\t\t\t<div class=\"elementor-widget-container\">\n\t\t\t\t\t\t\t<div class=\"wd-text-block reset-last-child text-left\">\n\t\t\t\n\t\t\t<p>Karbon \u00e7elik, paslanmaz \u00e7elik, al\u00fcminyum, pirin\u00e7 ve bak\u0131r gibi malzemelere b\u00fck\u00fcm i\u015flemi uygulanabilmektedir.<\/p>\n\t\t\t\t\t<\/div>\n\t\t\t\t\t\t<\/div>\n\t\t\t\t<\/div>\n\t\t\t\t<\/div>\n\t\t\t\t\t<\/details>\n\t\t\t\t\t\t<details id=\"e-n-accordion-item-8971\" class=\"e-n-accordion-item\" >\n\t\t\t\t<summary class=\"e-n-accordion-item-title\" data-accordion-index=\"2\" tabindex=\"-1\" aria-expanded=\"false\" aria-controls=\"e-n-accordion-item-8971\" >\n\t\t\t\t\t<span class='e-n-accordion-item-title-header'><div class=\"e-n-accordion-item-title-text\"> B\u00fck\u00fcm i\u015flemi s\u0131ras\u0131nda malzeme kal\u0131nl\u0131k s\u0131n\u0131r\u0131 var m\u0131? <\/div><\/span>\n\t\t\t\t\t\t\t<span class='e-n-accordion-item-title-icon'>\n\t\t\t<span class='e-opened' ><svg aria-hidden=\"true\" class=\"e-font-icon-svg e-fas-minus\" viewBox=\"0 0 448 512\" xmlns=\"http:\/\/www.w3.org\/2000\/svg\"><path d=\"M416 208H32c-17.67 0-32 14.33-32 32v32c0 17.67 14.33 32 32 32h384c17.67 0 32-14.33 32-32v-32c0-17.67-14.33-32-32-32z\"><\/path><\/svg><\/span>\n\t\t\t<span class='e-closed'><svg aria-hidden=\"true\" class=\"e-font-icon-svg e-fas-plus\" viewBox=\"0 0 448 512\" xmlns=\"http:\/\/www.w3.org\/2000\/svg\"><path d=\"M416 208H272V64c0-17.67-14.33-32-32-32h-32c-17.67 0-32 14.33-32 32v144H32c-17.67 0-32 14.33-32 32v32c0 17.67 14.33 32 32 32h144v144c0 17.67 14.33 32 32 32h32c17.67 0 32-14.33 32-32V304h144c17.67 0 32-14.33 32-32v-32c0-17.67-14.33-32-32-32z\"><\/path><\/svg><\/span>\n\t\t<\/span>\n\n\t\t\t\t\t\t<\/summary>\n\t\t\t\t<div role=\"region\" aria-labelledby=\"e-n-accordion-item-8971\" class=\"elementor-element elementor-element-f6c42b0 e-con-full e-flex e-con e-child\" data-id=\"f6c42b0\" data-element_type=\"container\" data-e-type=\"container\">\n\t\t\t\t<div class=\"elementor-element elementor-element-b992831 elementor-widget elementor-widget-wd_text_block\" data-id=\"b992831\" data-element_type=\"widget\" data-e-type=\"widget\" data-widget_type=\"wd_text_block.default\">\n\t\t\t\t<div class=\"elementor-widget-container\">\n\t\t\t\t\t\t\t<div class=\"wd-text-block reset-last-child text-left\">\n\t\t\t\n\t\t\t<p data-start=\"628\" data-end=\"732\">Evet, ancak ihtiyac\u0131n\u0131za g\u00f6re farkl\u0131 kal\u0131nl\u0131klarda b\u00fck\u00fcm yapabiliyoruz. Detayl\u0131 bilgi i\u00e7in bizimle ileti\u015fime ge\u00e7ebilirsiniz.<\/p>\n\t\t\t\t\t<\/div>\n\t\t\t\t\t\t<\/div>\n\t\t\t\t<\/div>\n\t\t\t\t<\/div>\n\t\t\t\t\t<\/details>\n\t\t\t\t\t\t<details id=\"e-n-accordion-item-8972\" class=\"e-n-accordion-item\" >\n\t\t\t\t<summary class=\"e-n-accordion-item-title\" data-accordion-index=\"3\" tabindex=\"-1\" aria-expanded=\"false\" aria-controls=\"e-n-accordion-item-8972\" >\n\t\t\t\t\t<span class='e-n-accordion-item-title-header'><div class=\"e-n-accordion-item-title-text\"> Hangi sekt\u00f6rler i\u00e7in b\u00fck\u00fcm hizmeti sunuyorsunuz? <\/div><\/span>\n\t\t\t\t\t\t\t<span class='e-n-accordion-item-title-icon'>\n\t\t\t<span class='e-opened' ><svg aria-hidden=\"true\" class=\"e-font-icon-svg e-fas-minus\" viewBox=\"0 0 448 512\" xmlns=\"http:\/\/www.w3.org\/2000\/svg\"><path d=\"M416 208H32c-17.67 0-32 14.33-32 32v32c0 17.67 14.33 32 32 32h384c17.67 0 32-14.33 32-32v-32c0-17.67-14.33-32-32-32z\"><\/path><\/svg><\/span>\n\t\t\t<span class='e-closed'><svg aria-hidden=\"true\" class=\"e-font-icon-svg e-fas-plus\" viewBox=\"0 0 448 512\" xmlns=\"http:\/\/www.w3.org\/2000\/svg\"><path d=\"M416 208H272V64c0-17.67-14.33-32-32-32h-32c-17.67 0-32 14.33-32 32v144H32c-17.67 0-32 14.33-32 32v32c0 17.67 14.33 32 32 32h144v144c0 17.67 14.33 32 32 32h32c17.67 0 32-14.33 32-32V304h144c17.67 0 32-14.33 32-32v-32c0-17.67-14.33-32-32-32z\"><\/path><\/svg><\/span>\n\t\t<\/span>\n\n\t\t\t\t\t\t<\/summary>\n\t\t\t\t<div role=\"region\" aria-labelledby=\"e-n-accordion-item-8972\" class=\"elementor-element elementor-element-a58275d e-con-full e-flex e-con e-child\" data-id=\"a58275d\" data-element_type=\"container\" data-e-type=\"container\">\n\t\t\t\t<div class=\"elementor-element elementor-element-d03af79 elementor-widget elementor-widget-wd_text_block\" data-id=\"d03af79\" data-element_type=\"widget\" data-e-type=\"widget\" data-widget_type=\"wd_text_block.default\">\n\t\t\t\t<div class=\"elementor-widget-container\">\n\t\t\t\t\t\t\t<div class=\"wd-text-block reset-last-child text-left\">\n\t\t\t\n\t\t\t<p>Gemi in\u015fa, otomotiv, in\u015faat, end\u00fcstriyel \u00fcretim ve makine imalat sekt\u00f6rleri ba\u015fta olmak \u00fczere bir\u00e7ok alanda hizmet veriyoruz.<\/p>\n\t\t\t\t\t<\/div>\n\t\t\t\t\t\t<\/div>\n\t\t\t\t<\/div>\n\t\t\t\t<\/div>\n\t\t\t\t\t<\/details>\n\t\t\t\t\t\t<details id=\"e-n-accordion-item-8973\" class=\"e-n-accordion-item\" >\n\t\t\t\t<summary class=\"e-n-accordion-item-title\" data-accordion-index=\"4\" tabindex=\"-1\" aria-expanded=\"false\" aria-controls=\"e-n-accordion-item-8973\" >\n\t\t\t\t\t<span class='e-n-accordion-item-title-header'><div class=\"e-n-accordion-item-title-text\"> Teklif almak i\u00e7in hangi bilgileri payla\u015fmal\u0131y\u0131m? <\/div><\/span>\n\t\t\t\t\t\t\t<span class='e-n-accordion-item-title-icon'>\n\t\t\t<span class='e-opened' ><svg aria-hidden=\"true\" class=\"e-font-icon-svg e-fas-minus\" viewBox=\"0 0 448 512\" xmlns=\"http:\/\/www.w3.org\/2000\/svg\"><path d=\"M416 208H32c-17.67 0-32 14.33-32 32v32c0 17.67 14.33 32 32 32h384c17.67 0 32-14.33 32-32v-32c0-17.67-14.33-32-32-32z\"><\/path><\/svg><\/span>\n\t\t\t<span class='e-closed'><svg aria-hidden=\"true\" class=\"e-font-icon-svg e-fas-plus\" viewBox=\"0 0 448 512\" xmlns=\"http:\/\/www.w3.org\/2000\/svg\"><path d=\"M416 208H272V64c0-17.67-14.33-32-32-32h-32c-17.67 0-32 14.33-32 32v144H32c-17.67 0-32 14.33-32 32v32c0 17.67 14.33 32 32 32h144v144c0 17.67 14.33 32 32 32h32c17.67 0 32-14.33 32-32V304h144c17.67 0 32-14.33 32-32v-32c0-17.67-14.33-32-32-32z\"><\/path><\/svg><\/span>\n\t\t<\/span>\n\n\t\t\t\t\t\t<\/summary>\n\t\t\t\t<div role=\"region\" aria-labelledby=\"e-n-accordion-item-8973\" class=\"elementor-element elementor-element-77da3a0 e-con-full e-flex e-con e-child\" data-id=\"77da3a0\" data-element_type=\"container\" data-e-type=\"container\">\n\t\t\t\t<div class=\"elementor-element elementor-element-f2de48a elementor-widget elementor-widget-wd_text_block\" data-id=\"f2de48a\" data-element_type=\"widget\" data-e-type=\"widget\" data-widget_type=\"wd_text_block.default\">\n\t\t\t\t<div class=\"elementor-widget-container\">\n\t\t\t\t\t\t\t<div class=\"wd-text-block reset-last-child text-left\">\n\t\t\t\n\t\t\t<p>Malzeme t\u00fcr\u00fc, \u00f6l\u00e7\u00fcler, b\u00fck\u00fcm a\u00e7\u0131s\u0131 ve adet bilgilerini iletti\u011finizde size en uygun fiyat teklifini sunabiliriz.<\/p>\n\t\t\t\t\t<\/div>\n\t\t\t\t\t\t<\/div>\n\t\t\t\t<\/div>\n\t\t\t\t<\/div>\n\t\t\t\t\t<\/details>\n\t\t\t\t\t<\/div>\n\t\t\t\t\t<script type=\"application\/ld+json\">{\"@context\":\"https:\\\/\\\/schema.org\",\"@type\":\"FAQPage\",\"mainEntity\":[{\"@type\":\"Question\",\"name\":\"Hangi malzemelere b\\u00fck\\u00fcm i\\u015flemi uygulanabilir?\",\"acceptedAnswer\":{\"@type\":\"Answer\",\"text\":\"Karbon \\u00e7elik, paslanmaz \\u00e7elik, al\\u00fcminyum, pirin\\u00e7 ve bak\\u0131r gibi malzemelere b\\u00fck\\u00fcm i\\u015flemi uygulanabilmektedir.\"}},{\"@type\":\"Question\",\"name\":\"B\\u00fck\\u00fcm i\\u015flemi s\\u0131ras\\u0131nda malzeme kal\\u0131nl\\u0131k s\\u0131n\\u0131r\\u0131 var m\\u0131?\",\"acceptedAnswer\":{\"@type\":\"Answer\",\"text\":\"Evet, ancak ihtiyac\\u0131n\\u0131za g\\u00f6re farkl\\u0131 kal\\u0131nl\\u0131klarda b\\u00fck\\u00fcm yapabiliyoruz. Detayl\\u0131 bilgi i\\u00e7in bizimle ileti\\u015fime ge\\u00e7ebilirsiniz.\"}},{\"@type\":\"Question\",\"name\":\"Hangi sekt\\u00f6rler i\\u00e7in b\\u00fck\\u00fcm hizmeti sunuyorsunuz?\",\"acceptedAnswer\":{\"@type\":\"Answer\",\"text\":\"Gemi in\\u015fa, otomotiv, in\\u015faat, end\\u00fcstriyel \\u00fcretim ve makine imalat sekt\\u00f6rleri ba\\u015fta olmak \\u00fczere bir\\u00e7ok alanda hizmet veriyoruz.\"}},{\"@type\":\"Question\",\"name\":\"Teklif almak i\\u00e7in hangi bilgileri payla\\u015fmal\\u0131y\\u0131m?\",\"acceptedAnswer\":{\"@type\":\"Answer\",\"text\":\"Malzeme t\\u00fcr\\u00fc, \\u00f6l\\u00e7\\u00fcler, b\\u00fck\\u00fcm a\\u00e7\\u0131s\\u0131 ve adet bilgilerini iletti\\u011finizde size en uygun fiyat teklifini sunabiliriz.\"}}]}<\/script>\n\t\t\t\t\t\t\t<\/div>\n\t\t\t\t<\/div>\n\t\t\t\t\t<\/div>\n\t\t\t\t<\/div>\n\t\t\t\t<\/div>\n\t\t","protected":false},"excerpt":{"rendered":"<p>En H\u0131zl\u0131 ve G\u00fcvenilir B\u00fck\u00fcm Hizmetleri Y\u00fccel Kant Gemi olarak, Tuzla\u2019daki tesislerimizde Boru, Profil ve Lama B\u00fck\u00fcm hizmetlerini en y\u00fcksek<\/p>\n","protected":false},"featured_media":3949,"template":"","meta":[],"product_brand":[646],"product_cat":[39,38],"product_tag":[],"class_list":{"0":"post-156","1":"product","2":"type-product","3":"status-publish","4":"has-post-thumbnail","6":"product_brand-yucel-kant-gemi","7":"product_cat-cnc-metal-isleme-hizmetleri","8":"product_cat-hizmetler","10":"first","11":"instock","12":"shipping-taxable","13":"product-type-simple"},"_links":{"self":[{"href":"https:\/\/yucelkantgemi.com\/tr\/wp-json\/wp\/v2\/product\/156","targetHints":{"allow":["GET"]}}],"collection":[{"href":"https:\/\/yucelkantgemi.com\/tr\/wp-json\/wp\/v2\/product"}],"about":[{"href":"https:\/\/yucelkantgemi.com\/tr\/wp-json\/wp\/v2\/types\/product"}],"version-history":[{"count":9,"href":"https:\/\/yucelkantgemi.com\/tr\/wp-json\/wp\/v2\/product\/156\/revisions"}],"predecessor-version":[{"id":3950,"href":"https:\/\/yucelkantgemi.com\/tr\/wp-json\/wp\/v2\/product\/156\/revisions\/3950"}],"wp:featuredmedia":[{"embeddable":true,"href":"https:\/\/yucelkantgemi.com\/tr\/wp-json\/wp\/v2\/media\/3949"}],"wp:attachment":[{"href":"https:\/\/yucelkantgemi.com\/tr\/wp-json\/wp\/v2\/media?parent=156"}],"wp:term":[{"taxonomy":"product_brand","embeddable":true,"href":"https:\/\/yucelkantgemi.com\/tr\/wp-json\/wp\/v2\/product_brand?post=156"},{"taxonomy":"product_cat","embeddable":true,"href":"https:\/\/yucelkantgemi.com\/tr\/wp-json\/wp\/v2\/product_cat?post=156"},{"taxonomy":"product_tag","embeddable":true,"href":"https:\/\/yucelkantgemi.com\/tr\/wp-json\/wp\/v2\/product_tag?post=156"}],"curies":[{"name":"wp","href":"https:\/\/api.w.org\/{rel}","templated":true}]}}