{"id":168,"date":"2025-02-14T02:13:56","date_gmt":"2025-02-13T23:13:56","guid":{"rendered":"https:\/\/yucelkantgemi.com\/?post_type=product&#038;p=168"},"modified":"2025-04-29T15:35:49","modified_gmt":"2025-04-29T12:35:49","slug":"metal-kumlama","status":"publish","type":"product","link":"https:\/\/yucelkantgemi.com\/tr\/metal-kumlama\/","title":{"rendered":"Metal Kumlama"},"content":{"rendered":"\t\t<div data-elementor-type=\"wp-post\" data-elementor-id=\"168\" class=\"elementor elementor-168\">\n\t\t\t\t<div class=\"wd-negative-gap elementor-element elementor-element-1c0e070 e-flex e-con-boxed e-con e-parent\" data-id=\"1c0e070\" data-element_type=\"container\" data-e-type=\"container\">\n\t\t\t\t\t<div class=\"e-con-inner\">\n\t\t\t\t<div class=\"elementor-element elementor-element-1505959 elementor-widget elementor-widget-wd_text_block\" data-id=\"1505959\" data-element_type=\"widget\" data-e-type=\"widget\" data-widget_type=\"wd_text_block.default\">\n\t\t\t\t<div class=\"elementor-widget-container\">\n\t\t\t\t\t\t\t<div class=\"wd-text-block reset-last-child text-left\">\n\t\t\t\n\t\t\t<p>Y\u00fccel Kant Gemi olarak, metal y\u00fczeylerin uzun \u00f6m\u00fcrl\u00fc olmas\u0131n\u0131 sa\u011flamak ve sonraki i\u015flemlere kusursuz bir zemin olu\u015fturmak i\u00e7in end\u00fcstriyel kumlama hizmeti sunuyoruz.<br \/>Korozyon, pas ve kal\u0131nt\u0131larla m\u00fccadelede en etkili y\u00f6ntem olan kumlama i\u015flemi; y\u00fczeylerin mekanik olarak temizlenmesini, homojenle\u015ftirilmesini ve boyamaya haz\u0131r hale getirilmesini sa\u011flar.<\/p><h5>Kumlama \u0130\u015fleminin S\u00fcreci<\/h5><ul><li><strong>Y\u00fcksek Bas\u0131n\u00e7l\u0131 Temizlik:<\/strong> Metal y\u00fczeye y\u00fcksek bas\u0131n\u00e7l\u0131 hava ile \u00f6zel kum partik\u00fclleri p\u00fcsk\u00fcrt\u00fcl\u00fcr.<\/li><li><strong>Katmanlar\u0131n Temizlenmesi:<\/strong> Pas, ya\u011f, korozyon, boya kal\u0131nt\u0131lar\u0131 ve yabanc\u0131 maddeler tamamen y\u00fczeyden uzakla\u015ft\u0131r\u0131l\u0131r.<\/li><li><strong>Y\u00fczey P\u00fcr\u00fczlendirme:<\/strong> Metal y\u00fczey, boya ve kaplama i\u015flemleri i\u00e7in ideal mikro-p\u00fcr\u00fczl\u00fcl\u00fc\u011fe kavu\u015fturulur.<\/li><\/ul><h5>Neden Kumlama \u0130\u015fleminden Hemen Sonra Boyama Yap\u0131lmal\u0131d\u0131r?<\/h5><p>Kumlama i\u015flemi, metal y\u00fczeyde koruyucu tabakay\u0131 kald\u0131rd\u0131\u011f\u0131 i\u00e7in metal, k\u0131sa s\u00fcrede havadaki nemle reaksiyona girerek paslanmaya ba\u015flayabilir.<br \/>Bu nedenle:<\/p><ul><li>Y\u00fczey yeniden kontamine olmadan,<\/li><li>Oksidasyon ba\u015flamadan,<\/li><li>Temizli\u011fin sa\u011flad\u0131\u011f\u0131 ideal yap\u0131\u015fma ortam\u0131 bozulmadan,<\/li><\/ul><p>kumlama sonras\u0131 en k\u0131sa s\u00fcrede astar boya veya kaplama i\u015flemi yap\u0131lmal\u0131d\u0131r.<\/p><h5>Neden Y\u00fccel Kant Gemi'yi tercih etmelisiniz?<\/h5><ul><li>Denizcilik, tersane ve a\u011f\u0131r sanayi sekt\u00f6rlerine \u00f6zel kumlama \u00e7\u00f6z\u00fcmleri<\/li><li>SA 2.5 \u2013 SA 3 y\u00fczey standartlar\u0131na uygun uygulamalar<\/li><li>Mobil kumlama ekipmanlar\u0131yla sahada hizmet<\/li><li>Kumlama sonras\u0131 boyama i\u00e7in h\u0131zl\u0131 ge\u00e7i\u015f planlamas\u0131<\/li><li>ISO sertifikal\u0131 operasyon ve kalite kontrol s\u00fcre\u00e7leri<\/li><\/ul>\n\t\t\t\t\t<\/div>\n\t\t\t\t\t\t<\/div>\n\t\t\t\t<\/div>\n\t\t\t\t\t<\/div>\n\t\t\t\t<\/div>\n\t\t<div class=\"wd-negative-gap elementor-element elementor-element-72d72ea4 e-flex e-con-boxed e-con e-parent\" data-id=\"72d72ea4\" data-element_type=\"container\" data-e-type=\"container\">\n\t\t\t\t\t<div class=\"e-con-inner\">\n\t\t\t\t<div class=\"elementor-element elementor-element-31070582 elementor-widget elementor-widget-wd_text_block\" data-id=\"31070582\" data-element_type=\"widget\" data-e-type=\"widget\" data-widget_type=\"wd_text_block.default\">\n\t\t\t\t<div class=\"elementor-widget-container\">\n\t\t\t\t\t\t\t<div class=\"wd-text-block reset-last-child text-left\">\n\t\t\t\n\t\t\t<h5>S\u0131k\u00e7a Sorulan Sorular (SSS)<\/h5>\n\t\t\t\t\t<\/div>\n\t\t\t\t\t\t<\/div>\n\t\t\t\t<\/div>\n\t\t\t\t<div class=\"elementor-element elementor-element-172d3fff elementor-widget elementor-widget-n-accordion\" data-id=\"172d3fff\" data-element_type=\"widget\" data-e-type=\"widget\" data-settings=\"{&quot;n_accordion_animation_duration&quot;:{&quot;unit&quot;:&quot;ms&quot;,&quot;size&quot;:200,&quot;sizes&quot;:[]},&quot;default_state&quot;:&quot;expanded&quot;,&quot;max_items_expended&quot;:&quot;one&quot;}\" data-widget_type=\"nested-accordion.default\">\n\t\t\t\t<div class=\"elementor-widget-container\">\n\t\t\t\t\t\t\t<div class=\"e-n-accordion\" aria-label=\"Accordion. Open links with Enter or Space, close with Escape, and navigate with Arrow Keys\">\n\t\t\t\t\t\t<details id=\"e-n-accordion-item-3880\" class=\"e-n-accordion-item\" open>\n\t\t\t\t<summary class=\"e-n-accordion-item-title\" data-accordion-index=\"1\" tabindex=\"0\" aria-expanded=\"true\" aria-controls=\"e-n-accordion-item-3880\" >\n\t\t\t\t\t<span class='e-n-accordion-item-title-header'><div class=\"e-n-accordion-item-title-text\"> Kumlama i\u015flemi hangi gemi ekipmanlar\u0131 i\u00e7in uygundur? <\/div><\/span>\n\t\t\t\t\t\t\t<span class='e-n-accordion-item-title-icon'>\n\t\t\t<span class='e-opened' ><svg aria-hidden=\"true\" class=\"e-font-icon-svg e-fas-minus\" viewBox=\"0 0 448 512\" xmlns=\"http:\/\/www.w3.org\/2000\/svg\"><path d=\"M416 208H32c-17.67 0-32 14.33-32 32v32c0 17.67 14.33 32 32 32h384c17.67 0 32-14.33 32-32v-32c0-17.67-14.33-32-32-32z\"><\/path><\/svg><\/span>\n\t\t\t<span class='e-closed'><svg aria-hidden=\"true\" class=\"e-font-icon-svg e-fas-plus\" viewBox=\"0 0 448 512\" xmlns=\"http:\/\/www.w3.org\/2000\/svg\"><path d=\"M416 208H272V64c0-17.67-14.33-32-32-32h-32c-17.67 0-32 14.33-32 32v144H32c-17.67 0-32 14.33-32 32v32c0 17.67 14.33 32 32 32h144v144c0 17.67 14.33 32 32 32h32c17.67 0 32-14.33 32-32V304h144c17.67 0 32-14.33 32-32v-32c0-17.67-14.33-32-32-32z\"><\/path><\/svg><\/span>\n\t\t<\/span>\n\n\t\t\t\t\t\t<\/summary>\n\t\t\t\t<div role=\"region\" aria-labelledby=\"e-n-accordion-item-3880\" class=\"elementor-element elementor-element-30e08dbf e-con-full e-flex e-con e-child\" data-id=\"30e08dbf\" data-element_type=\"container\" data-e-type=\"container\">\n\t\t\t\t<div class=\"elementor-element elementor-element-c12ccb elementor-widget elementor-widget-wd_text_block\" data-id=\"c12ccb\" data-element_type=\"widget\" data-e-type=\"widget\" data-widget_type=\"wd_text_block.default\">\n\t\t\t\t<div class=\"elementor-widget-container\">\n\t\t\t\t\t\t\t<div class=\"wd-text-block reset-last-child text-left\">\n\t\t\t\n\t\t\t<p>Kumlama i\u015flemi, gemi g\u00f6vdeleri, pervaneler, \u00e7apa zincirleri, tanklar, boru sistemleri ve di\u011fer metal y\u00fczeylerdeki pas, boya ve kirin temizlenmesi i\u00e7in uygundur. Bu i\u015flem, y\u00fczeyin yeni kaplamalara haz\u0131rlanmas\u0131n\u0131 sa\u011flar.<\/p>\n\t\t\t\t\t<\/div>\n\t\t\t\t\t\t<\/div>\n\t\t\t\t<\/div>\n\t\t\t\t<\/div>\n\t\t\t\t\t<\/details>\n\t\t\t\t\t\t<details id=\"e-n-accordion-item-3881\" class=\"e-n-accordion-item\" >\n\t\t\t\t<summary class=\"e-n-accordion-item-title\" data-accordion-index=\"2\" tabindex=\"-1\" aria-expanded=\"false\" aria-controls=\"e-n-accordion-item-3881\" >\n\t\t\t\t\t<span class='e-n-accordion-item-title-header'><div class=\"e-n-accordion-item-title-text\"> Kumlama s\u0131ras\u0131nda metal y\u00fczeylerde deformasyon olur mu? <\/div><\/span>\n\t\t\t\t\t\t\t<span class='e-n-accordion-item-title-icon'>\n\t\t\t<span class='e-opened' ><svg aria-hidden=\"true\" class=\"e-font-icon-svg e-fas-minus\" viewBox=\"0 0 448 512\" xmlns=\"http:\/\/www.w3.org\/2000\/svg\"><path d=\"M416 208H32c-17.67 0-32 14.33-32 32v32c0 17.67 14.33 32 32 32h384c17.67 0 32-14.33 32-32v-32c0-17.67-14.33-32-32-32z\"><\/path><\/svg><\/span>\n\t\t\t<span class='e-closed'><svg aria-hidden=\"true\" class=\"e-font-icon-svg e-fas-plus\" viewBox=\"0 0 448 512\" xmlns=\"http:\/\/www.w3.org\/2000\/svg\"><path d=\"M416 208H272V64c0-17.67-14.33-32-32-32h-32c-17.67 0-32 14.33-32 32v144H32c-17.67 0-32 14.33-32 32v32c0 17.67 14.33 32 32 32h144v144c0 17.67 14.33 32 32 32h32c17.67 0 32-14.33 32-32V304h144c17.67 0 32-14.33 32-32v-32c0-17.67-14.33-32-32-32z\"><\/path><\/svg><\/span>\n\t\t<\/span>\n\n\t\t\t\t\t\t<\/summary>\n\t\t\t\t<div role=\"region\" aria-labelledby=\"e-n-accordion-item-3881\" class=\"elementor-element elementor-element-2631d556 e-con-full e-flex e-con e-child\" data-id=\"2631d556\" data-element_type=\"container\" data-e-type=\"container\">\n\t\t\t\t<div class=\"elementor-element elementor-element-2b5d6332 elementor-widget elementor-widget-wd_text_block\" data-id=\"2b5d6332\" data-element_type=\"widget\" data-e-type=\"widget\" data-widget_type=\"wd_text_block.default\">\n\t\t\t\t<div class=\"elementor-widget-container\">\n\t\t\t\t\t\t\t<div class=\"wd-text-block reset-last-child text-left\">\n\t\t\t\n\t\t\t<p data-start=\"628\" data-end=\"732\">Do\u011fru teknik ve ekipman kullan\u0131ld\u0131\u011f\u0131nda, kumlama i\u015flemi metal y\u00fczeylerde deformasyona neden olmaz. Y\u00fccel Kant Gemi, deneyimli personeli ve uygun bas\u0131n\u00e7 ayarlar\u0131yla bu riski minimize eder.<\/p>\n\t\t\t\t\t<\/div>\n\t\t\t\t\t\t<\/div>\n\t\t\t\t<\/div>\n\t\t\t\t<\/div>\n\t\t\t\t\t<\/details>\n\t\t\t\t\t\t<details id=\"e-n-accordion-item-3882\" class=\"e-n-accordion-item\" >\n\t\t\t\t<summary class=\"e-n-accordion-item-title\" data-accordion-index=\"3\" tabindex=\"-1\" aria-expanded=\"false\" aria-controls=\"e-n-accordion-item-3882\" >\n\t\t\t\t\t<span class='e-n-accordion-item-title-header'><div class=\"e-n-accordion-item-title-text\"> Kumlama i\u015flemi ne kadar s\u00fcrer? <\/div><\/span>\n\t\t\t\t\t\t\t<span class='e-n-accordion-item-title-icon'>\n\t\t\t<span class='e-opened' ><svg aria-hidden=\"true\" class=\"e-font-icon-svg e-fas-minus\" viewBox=\"0 0 448 512\" xmlns=\"http:\/\/www.w3.org\/2000\/svg\"><path d=\"M416 208H32c-17.67 0-32 14.33-32 32v32c0 17.67 14.33 32 32 32h384c17.67 0 32-14.33 32-32v-32c0-17.67-14.33-32-32-32z\"><\/path><\/svg><\/span>\n\t\t\t<span class='e-closed'><svg aria-hidden=\"true\" class=\"e-font-icon-svg e-fas-plus\" viewBox=\"0 0 448 512\" xmlns=\"http:\/\/www.w3.org\/2000\/svg\"><path d=\"M416 208H272V64c0-17.67-14.33-32-32-32h-32c-17.67 0-32 14.33-32 32v144H32c-17.67 0-32 14.33-32 32v32c0 17.67 14.33 32 32 32h144v144c0 17.67 14.33 32 32 32h32c17.67 0 32-14.33 32-32V304h144c17.67 0 32-14.33 32-32v-32c0-17.67-14.33-32-32-32z\"><\/path><\/svg><\/span>\n\t\t<\/span>\n\n\t\t\t\t\t\t<\/summary>\n\t\t\t\t<div role=\"region\" aria-labelledby=\"e-n-accordion-item-3882\" class=\"elementor-element elementor-element-2ec5354a e-con-full e-flex e-con e-child\" data-id=\"2ec5354a\" data-element_type=\"container\" data-e-type=\"container\">\n\t\t\t\t<div class=\"elementor-element elementor-element-7d1defaf elementor-widget elementor-widget-wd_text_block\" data-id=\"7d1defaf\" data-element_type=\"widget\" data-e-type=\"widget\" data-widget_type=\"wd_text_block.default\">\n\t\t\t\t<div class=\"elementor-widget-container\">\n\t\t\t\t\t\t\t<div class=\"wd-text-block reset-last-child text-left\">\n\t\t\t\n\t\t\t<p>\u0130\u015flemin s\u00fcresi, ekipman\u0131n boyutu ve kirlilik derecesine ba\u011fl\u0131d\u0131r. K\u00fc\u00e7\u00fck par\u00e7alar genellikle <strong>birka\u00e7 saat<\/strong> i\u00e7inde temizlenirken, b\u00fcy\u00fck yap\u0131lar daha uzun s\u00fcrebilir.<\/p>\n\t\t\t\t\t<\/div>\n\t\t\t\t\t\t<\/div>\n\t\t\t\t<\/div>\n\t\t\t\t<\/div>\n\t\t\t\t\t<\/details>\n\t\t\t\t\t\t<details id=\"e-n-accordion-item-3883\" class=\"e-n-accordion-item\" >\n\t\t\t\t<summary class=\"e-n-accordion-item-title\" data-accordion-index=\"4\" tabindex=\"-1\" aria-expanded=\"false\" aria-controls=\"e-n-accordion-item-3883\" >\n\t\t\t\t\t<span class='e-n-accordion-item-title-header'><div class=\"e-n-accordion-item-title-text\"> Kumlama sonras\u0131 y\u00fczey nas\u0131l korunur? <\/div><\/span>\n\t\t\t\t\t\t\t<span class='e-n-accordion-item-title-icon'>\n\t\t\t<span class='e-opened' ><svg aria-hidden=\"true\" class=\"e-font-icon-svg e-fas-minus\" viewBox=\"0 0 448 512\" xmlns=\"http:\/\/www.w3.org\/2000\/svg\"><path d=\"M416 208H32c-17.67 0-32 14.33-32 32v32c0 17.67 14.33 32 32 32h384c17.67 0 32-14.33 32-32v-32c0-17.67-14.33-32-32-32z\"><\/path><\/svg><\/span>\n\t\t\t<span class='e-closed'><svg aria-hidden=\"true\" class=\"e-font-icon-svg e-fas-plus\" viewBox=\"0 0 448 512\" xmlns=\"http:\/\/www.w3.org\/2000\/svg\"><path d=\"M416 208H272V64c0-17.67-14.33-32-32-32h-32c-17.67 0-32 14.33-32 32v144H32c-17.67 0-32 14.33-32 32v32c0 17.67 14.33 32 32 32h144v144c0 17.67 14.33 32 32 32h32c17.67 0 32-14.33 32-32V304h144c17.67 0 32-14.33 32-32v-32c0-17.67-14.33-32-32-32z\"><\/path><\/svg><\/span>\n\t\t<\/span>\n\n\t\t\t\t\t\t<\/summary>\n\t\t\t\t<div role=\"region\" aria-labelledby=\"e-n-accordion-item-3883\" class=\"elementor-element elementor-element-70989cd2 e-con-full e-flex e-con e-child\" data-id=\"70989cd2\" data-element_type=\"container\" data-e-type=\"container\">\n\t\t\t\t<div class=\"elementor-element elementor-element-6dbb75a elementor-widget elementor-widget-wd_text_block\" data-id=\"6dbb75a\" data-element_type=\"widget\" data-e-type=\"widget\" data-widget_type=\"wd_text_block.default\">\n\t\t\t\t<div class=\"elementor-widget-container\">\n\t\t\t\t\t\t\t<div class=\"wd-text-block reset-last-child text-left\">\n\t\t\t\n\t\t\t<p>Kumlama sonras\u0131 y\u00fczeyler, korozyona kar\u015f\u0131 korunmak i\u00e7in uygun kaplamalarla boyanmal\u0131d\u0131r. Y\u00fccel Kant Gemi, kumlama sonras\u0131 y\u00fczey haz\u0131rl\u0131\u011f\u0131 ve boyama hizmetleri de sunmaktad\u0131r.\u200b<\/p>\n\t\t\t\t\t<\/div>\n\t\t\t\t\t\t<\/div>\n\t\t\t\t<\/div>\n\t\t\t\t<\/div>\n\t\t\t\t\t<\/details>\n\t\t\t\t\t\t<details id=\"e-n-accordion-item-3884\" class=\"e-n-accordion-item\" >\n\t\t\t\t<summary class=\"e-n-accordion-item-title\" data-accordion-index=\"5\" tabindex=\"-1\" aria-expanded=\"false\" aria-controls=\"e-n-accordion-item-3884\" >\n\t\t\t\t\t<span class='e-n-accordion-item-title-header'><div class=\"e-n-accordion-item-title-text\"> \u0130stanbul civar\u0131nda kumlama hizmeti alabilir miyim? <\/div><\/span>\n\t\t\t\t\t\t\t<span class='e-n-accordion-item-title-icon'>\n\t\t\t<span class='e-opened' ><svg aria-hidden=\"true\" class=\"e-font-icon-svg e-fas-minus\" viewBox=\"0 0 448 512\" xmlns=\"http:\/\/www.w3.org\/2000\/svg\"><path d=\"M416 208H32c-17.67 0-32 14.33-32 32v32c0 17.67 14.33 32 32 32h384c17.67 0 32-14.33 32-32v-32c0-17.67-14.33-32-32-32z\"><\/path><\/svg><\/span>\n\t\t\t<span class='e-closed'><svg aria-hidden=\"true\" class=\"e-font-icon-svg e-fas-plus\" viewBox=\"0 0 448 512\" xmlns=\"http:\/\/www.w3.org\/2000\/svg\"><path d=\"M416 208H272V64c0-17.67-14.33-32-32-32h-32c-17.67 0-32 14.33-32 32v144H32c-17.67 0-32 14.33-32 32v32c0 17.67 14.33 32 32 32h144v144c0 17.67 14.33 32 32 32h32c17.67 0 32-14.33 32-32V304h144c17.67 0 32-14.33 32-32v-32c0-17.67-14.33-32-32-32z\"><\/path><\/svg><\/span>\n\t\t<\/span>\n\n\t\t\t\t\t\t<\/summary>\n\t\t\t\t<div role=\"region\" aria-labelledby=\"e-n-accordion-item-3884\" class=\"elementor-element elementor-element-041a354 e-con-full e-flex e-con e-child\" data-id=\"041a354\" data-element_type=\"container\" data-e-type=\"container\">\n\t\t\t\t<div class=\"elementor-element elementor-element-94d91ed elementor-widget elementor-widget-wd_text_block\" data-id=\"94d91ed\" data-element_type=\"widget\" data-e-type=\"widget\" data-widget_type=\"wd_text_block.default\">\n\t\t\t\t<div class=\"elementor-widget-container\">\n\t\t\t\t\t\t\t<div class=\"wd-text-block reset-last-child text-left\">\n\t\t\t\n\t\t\t<p>Evet, Y\u00fccel Kant Gemi, \u0130stanbul civar\u0131nda kumlama hizmeti sunmaktad\u0131r. M\u00fc\u015fterilere h\u0131zl\u0131 ve g\u00fcvenilir \u00e7\u00f6z\u00fcmler sa\u011flanmaktad\u0131r.<\/p>\n\t\t\t\t\t<\/div>\n\t\t\t\t\t\t<\/div>\n\t\t\t\t<\/div>\n\t\t\t\t<\/div>\n\t\t\t\t\t<\/details>\n\t\t\t\t\t<\/div>\n\t\t\t\t\t<script type=\"application\/ld+json\">{\"@context\":\"https:\\\/\\\/schema.org\",\"@type\":\"FAQPage\",\"mainEntity\":[{\"@type\":\"Question\",\"name\":\"Kumlama i\\u015flemi hangi gemi ekipmanlar\\u0131 i\\u00e7in uygundur?\",\"acceptedAnswer\":{\"@type\":\"Answer\",\"text\":\"Kumlama i\\u015flemi, gemi g\\u00f6vdeleri, pervaneler, \\u00e7apa zincirleri, tanklar, boru sistemleri ve di\\u011fer metal y\\u00fczeylerdeki pas, boya ve kirin temizlenmesi i\\u00e7in uygundur. Bu i\\u015flem, y\\u00fczeyin yeni kaplamalara haz\\u0131rlanmas\\u0131n\\u0131 sa\\u011flar.\"}},{\"@type\":\"Question\",\"name\":\"Kumlama s\\u0131ras\\u0131nda metal y\\u00fczeylerde deformasyon olur mu?\",\"acceptedAnswer\":{\"@type\":\"Answer\",\"text\":\"Do\\u011fru teknik ve ekipman kullan\\u0131ld\\u0131\\u011f\\u0131nda, kumlama i\\u015flemi metal y\\u00fczeylerde deformasyona neden olmaz. Y\\u00fccel Kant Gemi, deneyimli personeli ve uygun bas\\u0131n\\u00e7 ayarlar\\u0131yla bu riski minimize eder.\"}},{\"@type\":\"Question\",\"name\":\"Kumlama i\\u015flemi ne kadar s\\u00fcrer?\",\"acceptedAnswer\":{\"@type\":\"Answer\",\"text\":\"\\u0130\\u015flemin s\\u00fcresi, ekipman\\u0131n boyutu ve kirlilik derecesine ba\\u011fl\\u0131d\\u0131r. K\\u00fc\\u00e7\\u00fck par\\u00e7alar genellikle birka\\u00e7 saat i\\u00e7inde temizlenirken, b\\u00fcy\\u00fck yap\\u0131lar daha uzun s\\u00fcrebilir.\"}},{\"@type\":\"Question\",\"name\":\"Kumlama sonras\\u0131 y\\u00fczey nas\\u0131l korunur?\",\"acceptedAnswer\":{\"@type\":\"Answer\",\"text\":\"Kumlama sonras\\u0131 y\\u00fczeyler, korozyona kar\\u015f\\u0131 korunmak i\\u00e7in uygun kaplamalarla boyanmal\\u0131d\\u0131r. Y\\u00fccel Kant Gemi, kumlama sonras\\u0131 y\\u00fczey haz\\u0131rl\\u0131\\u011f\\u0131 ve boyama hizmetleri de sunmaktad\\u0131r.\\u200b\"}},{\"@type\":\"Question\",\"name\":\"\\u0130stanbul civar\\u0131nda kumlama hizmeti alabilir miyim?\",\"acceptedAnswer\":{\"@type\":\"Answer\",\"text\":\"Evet, Y\\u00fccel Kant Gemi, \\u0130stanbul civar\\u0131nda kumlama hizmeti sunmaktad\\u0131r. M\\u00fc\\u015fterilere h\\u0131zl\\u0131 ve g\\u00fcvenilir \\u00e7\\u00f6z\\u00fcmler sa\\u011flanmaktad\\u0131r.\"}}]}<\/script>\n\t\t\t\t\t\t\t<\/div>\n\t\t\t\t<\/div>\n\t\t\t\t\t<\/div>\n\t\t\t\t<\/div>\n\t\t\t\t<\/div>\n\t\t","protected":false},"excerpt":{"rendered":"<p>Y\u00fccel Kant Gemi olarak, metal y\u00fczeylerin uzun \u00f6m\u00fcrl\u00fc olmas\u0131n\u0131 sa\u011flamak ve sonraki i\u015flemlere kusursuz bir zemin olu\u015fturmak i\u00e7in end\u00fcstriyel kumlama<\/p>\n","protected":false},"featured_media":3798,"template":"","meta":[],"product_brand":[646],"product_cat":[38,40],"product_tag":[],"class_list":{"0":"post-168","1":"product","2":"type-product","3":"status-publish","4":"has-post-thumbnail","6":"product_brand-yucel-kant-gemi","7":"product_cat-hizmetler","8":"product_cat-kaynak-ve-yuzey-islemleri","10":"first","11":"instock","12":"shipping-taxable","13":"product-type-simple"},"_links":{"self":[{"href":"https:\/\/yucelkantgemi.com\/tr\/wp-json\/wp\/v2\/product\/168","targetHints":{"allow":["GET"]}}],"collection":[{"href":"https:\/\/yucelkantgemi.com\/tr\/wp-json\/wp\/v2\/product"}],"about":[{"href":"https:\/\/yucelkantgemi.com\/tr\/wp-json\/wp\/v2\/types\/product"}],"version-history":[{"count":11,"href":"https:\/\/yucelkantgemi.com\/tr\/wp-json\/wp\/v2\/product\/168\/revisions"}],"predecessor-version":[{"id":3801,"href":"https:\/\/yucelkantgemi.com\/tr\/wp-json\/wp\/v2\/product\/168\/revisions\/3801"}],"wp:featuredmedia":[{"embeddable":true,"href":"https:\/\/yucelkantgemi.com\/tr\/wp-json\/wp\/v2\/media\/3798"}],"wp:attachment":[{"href":"https:\/\/yucelkantgemi.com\/tr\/wp-json\/wp\/v2\/media?parent=168"}],"wp:term":[{"taxonomy":"product_brand","embeddable":true,"href":"https:\/\/yucelkantgemi.com\/tr\/wp-json\/wp\/v2\/product_brand?post=168"},{"taxonomy":"product_cat","embeddable":true,"href":"https:\/\/yucelkantgemi.com\/tr\/wp-json\/wp\/v2\/product_cat?post=168"},{"taxonomy":"product_tag","embeddable":true,"href":"https:\/\/yucelkantgemi.com\/tr\/wp-json\/wp\/v2\/product_tag?post=168"}],"curies":[{"name":"wp","href":"https:\/\/api.w.org\/{rel}","templated":true}]}}